{"id":717,"date":"2024-09-30T08:38:01","date_gmt":"2024-09-30T06:38:01","guid":{"rendered":"https:\/\/marras.ee\/tietoa-meista\/"},"modified":"2026-02-16T23:45:15","modified_gmt":"2026-02-16T21:45:15","slug":"tietoa-meista","status":"publish","type":"page","link":"https:\/\/marras.ee\/fi\/tietoa-meista\/","title":{"rendered":"Tietoa meist\u00e4"},"content":{"rendered":"","protected":false},"excerpt":{"rendered":"","protected":false},"author":1,"featured_media":503,"parent":0,"menu_order":0,"comment_status":"closed","ping_status":"closed","template":"templates\/about.php","meta":{"_acf_changed":false,"footnotes":""},"class_list":["post-717","page","type-page","status-publish","has-post-thumbnail","hentry"],"acf":[],"yoast_head":"<!-- This site is optimized with the Yoast SEO plugin v27.3 - https:\/\/yoast.com\/product\/yoast-seo-wordpress\/ -->\n<title>Tietoa meist\u00e4 - Marras<\/title>\n<meta name=\"description\" content=\"Sotilaallisia varusteita kriittisimpi\u00e4 hetki\u00e4 varten. Korkea laatu ja k\u00e4ytt\u00e4j\u00e4yst\u00e4v\u00e4llisyys. Valmistettu ja testattu Virossa.\" \/>\n<meta name=\"robots\" content=\"index, follow, max-snippet:-1, max-image-preview:large, max-video-preview:-1\" \/>\n<link rel=\"canonical\" href=\"https:\/\/marras.ee\/fi\/tietoa-meista\/\" \/>\n<meta property=\"og:locale\" content=\"fi_FI\" \/>\n<meta property=\"og:type\" content=\"article\" \/>\n<meta property=\"og:title\" content=\"Tietoa meist\u00e4 - Marras\" \/>\n<meta property=\"og:description\" content=\"Sotilaallisia varusteita kriittisimpi\u00e4 hetki\u00e4 varten. Korkea laatu ja k\u00e4ytt\u00e4j\u00e4yst\u00e4v\u00e4llisyys. Valmistettu ja testattu Virossa.\" \/>\n<meta property=\"og:url\" content=\"https:\/\/marras.ee\/fi\/tietoa-meista\/\" \/>\n<meta property=\"og:site_name\" content=\"Marras\" \/>\n<meta property=\"article:modified_time\" content=\"2026-02-16T21:45:15+00:00\" \/>\n<meta property=\"og:image\" content=\"https:\/\/marras.ee\/wp-content\/uploads\/2024\/11\/Screenshot-2024-09-21-at-16.23.00-1024x892-1.png\" \/>\n\t<meta property=\"og:image:width\" content=\"1024\" \/>\n\t<meta property=\"og:image:height\" content=\"892\" \/>\n\t<meta property=\"og:image:type\" content=\"image\/png\" \/>\n<meta name=\"twitter:card\" content=\"summary_large_image\" \/>\n<meta name=\"twitter:label1\" content=\"Arvioitu lukuaika\" \/>\n\t<meta name=\"twitter:data1\" content=\"1 minuutti\" \/>\n<script type=\"application\/ld+json\" class=\"yoast-schema-graph\">{\"@context\":\"https:\\\/\\\/schema.org\",\"@graph\":[{\"@type\":\"WebPage\",\"@id\":\"https:\\\/\\\/marras.ee\\\/fi\\\/tietoa-meista\\\/\",\"url\":\"https:\\\/\\\/marras.ee\\\/fi\\\/tietoa-meista\\\/\",\"name\":\"Tietoa meist\u00e4 - Marras\",\"isPartOf\":{\"@id\":\"https:\\\/\\\/marras.ee\\\/fi\\\/#website\"},\"primaryImageOfPage\":{\"@id\":\"https:\\\/\\\/marras.ee\\\/fi\\\/tietoa-meista\\\/#primaryimage\"},\"image\":{\"@id\":\"https:\\\/\\\/marras.ee\\\/fi\\\/tietoa-meista\\\/#primaryimage\"},\"thumbnailUrl\":\"https:\\\/\\\/marras.ee\\\/wp-content\\\/uploads\\\/2024\\\/11\\\/Screenshot-2024-09-21-at-16.23.00-1024x892-1.png\",\"datePublished\":\"2024-09-30T06:38:01+00:00\",\"dateModified\":\"2026-02-16T21:45:15+00:00\",\"description\":\"Sotilaallisia varusteita kriittisimpi\u00e4 hetki\u00e4 varten. Korkea laatu ja k\u00e4ytt\u00e4j\u00e4yst\u00e4v\u00e4llisyys. Valmistettu ja testattu Virossa.\",\"breadcrumb\":{\"@id\":\"https:\\\/\\\/marras.ee\\\/fi\\\/tietoa-meista\\\/#breadcrumb\"},\"inLanguage\":\"fi\",\"potentialAction\":[{\"@type\":\"ReadAction\",\"target\":[\"https:\\\/\\\/marras.ee\\\/fi\\\/tietoa-meista\\\/\"]}]},{\"@type\":\"ImageObject\",\"inLanguage\":\"fi\",\"@id\":\"https:\\\/\\\/marras.ee\\\/fi\\\/tietoa-meista\\\/#primaryimage\",\"url\":\"https:\\\/\\\/marras.ee\\\/wp-content\\\/uploads\\\/2024\\\/11\\\/Screenshot-2024-09-21-at-16.23.00-1024x892-1.png\",\"contentUrl\":\"https:\\\/\\\/marras.ee\\\/wp-content\\\/uploads\\\/2024\\\/11\\\/Screenshot-2024-09-21-at-16.23.00-1024x892-1.png\",\"width\":1024,\"height\":892,\"caption\":\"Marrasin sotilastarvikkeet\"},{\"@type\":\"BreadcrumbList\",\"@id\":\"https:\\\/\\\/marras.ee\\\/fi\\\/tietoa-meista\\\/#breadcrumb\",\"itemListElement\":[{\"@type\":\"ListItem\",\"position\":1,\"name\":\"Home\",\"item\":\"https:\\\/\\\/marras.ee\\\/fi\\\/kotisivu\\\/\"},{\"@type\":\"ListItem\",\"position\":2,\"name\":\"Tietoa meist\u00e4\"}]},{\"@type\":\"WebSite\",\"@id\":\"https:\\\/\\\/marras.ee\\\/fi\\\/#website\",\"url\":\"https:\\\/\\\/marras.ee\\\/fi\\\/\",\"name\":\"Marras\",\"description\":\"\",\"potentialAction\":[{\"@type\":\"SearchAction\",\"target\":{\"@type\":\"EntryPoint\",\"urlTemplate\":\"https:\\\/\\\/marras.ee\\\/fi\\\/?s={search_term_string}\"},\"query-input\":{\"@type\":\"PropertyValueSpecification\",\"valueRequired\":true,\"valueName\":\"search_term_string\"}}],\"inLanguage\":\"fi\"}]}<\/script>\n<!-- \/ Yoast SEO plugin. -->","yoast_head_json":{"title":"Tietoa meist\u00e4 - Marras","description":"Sotilaallisia varusteita kriittisimpi\u00e4 hetki\u00e4 varten. Korkea laatu ja k\u00e4ytt\u00e4j\u00e4yst\u00e4v\u00e4llisyys. Valmistettu ja testattu Virossa.","robots":{"index":"index","follow":"follow","max-snippet":"max-snippet:-1","max-image-preview":"max-image-preview:large","max-video-preview":"max-video-preview:-1"},"canonical":"https:\/\/marras.ee\/fi\/tietoa-meista\/","og_locale":"fi_FI","og_type":"article","og_title":"Tietoa meist\u00e4 - Marras","og_description":"Sotilaallisia varusteita kriittisimpi\u00e4 hetki\u00e4 varten. Korkea laatu ja k\u00e4ytt\u00e4j\u00e4yst\u00e4v\u00e4llisyys. Valmistettu ja testattu Virossa.","og_url":"https:\/\/marras.ee\/fi\/tietoa-meista\/","og_site_name":"Marras","article_modified_time":"2026-02-16T21:45:15+00:00","og_image":[{"width":1024,"height":892,"url":"https:\/\/marras.ee\/wp-content\/uploads\/2024\/11\/Screenshot-2024-09-21-at-16.23.00-1024x892-1.png","type":"image\/png"}],"twitter_card":"summary_large_image","twitter_misc":{"Arvioitu lukuaika":"1 minuutti"},"schema":{"@context":"https:\/\/schema.org","@graph":[{"@type":"WebPage","@id":"https:\/\/marras.ee\/fi\/tietoa-meista\/","url":"https:\/\/marras.ee\/fi\/tietoa-meista\/","name":"Tietoa meist\u00e4 - Marras","isPartOf":{"@id":"https:\/\/marras.ee\/fi\/#website"},"primaryImageOfPage":{"@id":"https:\/\/marras.ee\/fi\/tietoa-meista\/#primaryimage"},"image":{"@id":"https:\/\/marras.ee\/fi\/tietoa-meista\/#primaryimage"},"thumbnailUrl":"https:\/\/marras.ee\/wp-content\/uploads\/2024\/11\/Screenshot-2024-09-21-at-16.23.00-1024x892-1.png","datePublished":"2024-09-30T06:38:01+00:00","dateModified":"2026-02-16T21:45:15+00:00","description":"Sotilaallisia varusteita kriittisimpi\u00e4 hetki\u00e4 varten. Korkea laatu ja k\u00e4ytt\u00e4j\u00e4yst\u00e4v\u00e4llisyys. Valmistettu ja testattu Virossa.","breadcrumb":{"@id":"https:\/\/marras.ee\/fi\/tietoa-meista\/#breadcrumb"},"inLanguage":"fi","potentialAction":[{"@type":"ReadAction","target":["https:\/\/marras.ee\/fi\/tietoa-meista\/"]}]},{"@type":"ImageObject","inLanguage":"fi","@id":"https:\/\/marras.ee\/fi\/tietoa-meista\/#primaryimage","url":"https:\/\/marras.ee\/wp-content\/uploads\/2024\/11\/Screenshot-2024-09-21-at-16.23.00-1024x892-1.png","contentUrl":"https:\/\/marras.ee\/wp-content\/uploads\/2024\/11\/Screenshot-2024-09-21-at-16.23.00-1024x892-1.png","width":1024,"height":892,"caption":"Marrasin sotilastarvikkeet"},{"@type":"BreadcrumbList","@id":"https:\/\/marras.ee\/fi\/tietoa-meista\/#breadcrumb","itemListElement":[{"@type":"ListItem","position":1,"name":"Home","item":"https:\/\/marras.ee\/fi\/kotisivu\/"},{"@type":"ListItem","position":2,"name":"Tietoa meist\u00e4"}]},{"@type":"WebSite","@id":"https:\/\/marras.ee\/fi\/#website","url":"https:\/\/marras.ee\/fi\/","name":"Marras","description":"","potentialAction":[{"@type":"SearchAction","target":{"@type":"EntryPoint","urlTemplate":"https:\/\/marras.ee\/fi\/?s={search_term_string}"},"query-input":{"@type":"PropertyValueSpecification","valueRequired":true,"valueName":"search_term_string"}}],"inLanguage":"fi"}]}},"_links":{"self":[{"href":"https:\/\/marras.ee\/fi\/wp-json\/wp\/v2\/pages\/717","targetHints":{"allow":["GET"]}}],"collection":[{"href":"https:\/\/marras.ee\/fi\/wp-json\/wp\/v2\/pages"}],"about":[{"href":"https:\/\/marras.ee\/fi\/wp-json\/wp\/v2\/types\/page"}],"author":[{"embeddable":true,"href":"https:\/\/marras.ee\/fi\/wp-json\/wp\/v2\/users\/1"}],"replies":[{"embeddable":true,"href":"https:\/\/marras.ee\/fi\/wp-json\/wp\/v2\/comments?post=717"}],"version-history":[{"count":3,"href":"https:\/\/marras.ee\/fi\/wp-json\/wp\/v2\/pages\/717\/revisions"}],"predecessor-version":[{"id":857,"href":"https:\/\/marras.ee\/fi\/wp-json\/wp\/v2\/pages\/717\/revisions\/857"}],"wp:featuredmedia":[{"embeddable":true,"href":"https:\/\/marras.ee\/fi\/wp-json\/wp\/v2\/media\/503"}],"wp:attachment":[{"href":"https:\/\/marras.ee\/fi\/wp-json\/wp\/v2\/media?parent=717"}],"curies":[{"name":"wp","href":"https:\/\/api.w.org\/{rel}","templated":true}]}}