{"id":732,"date":"2024-10-04T13:27:39","date_gmt":"2024-10-04T11:27:39","guid":{"rendered":"https:\/\/marras.ee\/tietosuojakaytanto\/"},"modified":"2024-12-19T12:40:50","modified_gmt":"2024-12-19T10:40:50","slug":"tietosuojakaytanto","status":"publish","type":"page","link":"https:\/\/marras.ee\/fi\/tietosuojakaytanto\/","title":{"rendered":"Tietosuojak\u00e4yt\u00e4nt\u00f6"},"content":{"rendered":"\n<h2 class=\"wp-block-heading\">Yleist\u00e4<\/h2>\n\n<p><br\/>Marras Solutions O\u00dc on sitoutunut noudattamaan yksityisyytt\u00e4si ja kaikkia sovellettavia lakeja ja m\u00e4\u00e4r\u00e4yksi\u00e4, jotka koskevat henkil\u00f6tietoja, joita voimme ker\u00e4t\u00e4 sinusta, kun vierailet verkkosivustollamme marras.ee. K\u00e4ytt\u00e4m\u00e4ll\u00e4 verkkosivustoamme annat suostumuksesi siihen, ett\u00e4 ker\u00e4\u00e4mme ja k\u00e4yt\u00e4mme tietojasi t\u00e4m\u00e4n tietosuojak\u00e4yt\u00e4nn\u00f6n mukaisesti. <\/p>\n\n<p>T\u00e4m\u00e4n tietosuojak\u00e4yt\u00e4nn\u00f6n avulla haluamme selitt\u00e4\u00e4 sinulle, mit\u00e4 tietoja ker\u00e4\u00e4mme, miten k\u00e4yt\u00e4mme niit\u00e4 ja mitk\u00e4 ovat oikeutesi suojella tietojasi. K\u00e4yt\u00e4nt\u00f6 koskee vain verkkosivustoamme ja sen k\u00e4vij\u00f6it\u00e4, eik\u00e4 sit\u00e4 sovelleta muiden kanavien kautta ker\u00e4ttyihin tietoihin. <\/p>\n\n<p>Rekisterinpit\u00e4j\u00e4si on Marras Solutions O\u00dc<\/p>\n\n<p>Yrityksen rekisterinumero: 16713015 <\/p>\n\n<p>S\u00e4hk\u00f6posti: info@marras.ee<\/p>\n\n<p>Ker\u00e4\u00e4mme ja k\u00e4sittelemme tietoja 25.5.2018 voimaan tulleen EU:n yleisen tietosuoja-asetuksen (GDPR) mukaisesti.<\/p>\n\n<h2 class=\"wp-block-heading\"><strong>Tietojen keruu ja k\u00e4ytt\u00f6<\/strong><\/h2>\n\n<h3 class=\"wp-block-heading\"><strong>Mit\u00e4 tietoja ker\u00e4\u00e4mme<\/strong><\/h3>\n\n<p>Ker\u00e4\u00e4m\u00e4mme tiedot sis\u00e4lt\u00e4v\u00e4t tiedot, jotka annat meille tietoisesti ja aktiivisesti k\u00e4ytt\u00e4ess\u00e4si palveluitamme tai kampanjoihimme tai osallistuessasi niihin, sek\u00e4 tiedot, jotka laitteesi l\u00e4hett\u00e4v\u00e4t meille k\u00e4ytt\u00e4ess\u00e4si tuotteitamme ja palveluitamme.<\/p>\n\n<p>Ker\u00e4\u00e4m\u00e4mme tiedot sis\u00e4lt\u00e4v\u00e4t tietoja, jotka olet tietoisesti jakanut kanssamme k\u00e4ytt\u00e4ess\u00e4si palveluitamme tai kampanjoitamme, sek\u00e4 tietoja, jotka laitteesi automaattisesti l\u00e4hett\u00e4v\u00e4t meille.<\/p>\n\n<p>Henkil\u00f6kohtaiset tietosi voivat tavoittaa meid\u00e4t seuraavilla tavoilla:<\/p>\n\n<ul class=\"wp-block-list\">\n<li>Jos teet tilauksen marras.ee-verkkokaupassa.<\/li>\n\n\n\n<li>Kun otat meihin yhteytt\u00e4 puhelimitse, s\u00e4hk\u00f6postitse tai verkkokeskustelussa.<\/li>\n\n\n\n<li>Jos annat henkil\u00f6tietoja toisesta henkil\u00f6st\u00e4, joka saa tavarat.<\/li>\n\n\n\n<li>Jos suoritat maksuja verkkopankkia tai muuta s\u00e4hk\u00f6ist\u00e4 maksutapaa k\u00e4ytt\u00e4en.<\/li>\n\n\n\n<li>Jos kommentoit, tykk\u00e4\u00e4t tai jaat jotakin julkaisuamme sosiaalisen median tilill\u00e4mme.<\/li>\n<\/ul>\n\n<h4 class=\"wp-block-heading\"><strong>Ker\u00e4tt\u00e4v\u00e4t tiedot<\/strong><\/h4>\n\n<p>Marras Solutions O\u00dc k\u00e4sittelee vain niit\u00e4 sinua koskevia tietoja, jotka annat meille ostoksen tekemist\u00e4 varten. Pyyd\u00e4mme sinulta henkil\u00f6tietoja vain, jos se on v\u00e4ltt\u00e4m\u00e4t\u00f6nt\u00e4 palvelun tarjoamiseksi sinulle. Ottamalla meihin yhteytt\u00e4 tai vierailemalla verkkosivustollamme voit jakaa kanssamme seuraavia tietoja:  <\/p>\n\n<ul class=\"wp-block-list\">\n<li>Etu- ja sukunimi<\/li>\n\n\n\n<li>S\u00e4hk\u00f6postiosoite<\/li>\n\n\n\n<li>Puhelinnumero<\/li>\n\n\n\n<li>Keskusteluhistoria sinun ja meid\u00e4n v\u00e4lill\u00e4<\/li>\n<\/ul>\n\n<h4 class=\"wp-block-heading\"><strong>Miten k\u00e4yt\u00e4mme tietoja<\/strong><\/h4>\n\n<p>Voimme k\u00e4ytt\u00e4\u00e4 ker\u00e4ttyj\u00e4 tietoja erilaisiin tarkoituksiin, kuten:<\/p>\n\n<ul class=\"wp-block-list\">\n<li>l\u00e4hett\u00e4m\u00e4ll\u00e4 sinulle tietoa ja pyyt\u00e4m\u00e4ll\u00e4 palautetta palveluistamme.<\/li>\n\n\n\n<li>Petosten est\u00e4miseksi ja verkkosivustomme suojaamiseksi<\/li>\n\n\n\n<li>Jotta voimme pit\u00e4\u00e4 sinuun yhteytt\u00e4 sosiaalisen median tilisi kautta.<\/li>\n\n\n\n<li>Chat-historian lukemisen mahdollistaminen asiaankuuluvien neuvojen antamisen nopeuttamiseksi.<\/li>\n\n\n\n<li>Toimitukseen\/toimitukseen, tilauksen k\u00e4sittelyyn, laskutukseen, tilauksen tekemiseen pankkilinkin kautta ja tilauksen vahvistamiseen tai rahojen palauttamiseen.<\/li>\n\n\n\n<li>Yksinkertaistaaksemme ja nopeuttaaksemme kanssak\u00e4ymist\u00e4mme, kun otat meihin yhteytt\u00e4.<\/li>\n<\/ul>\n\n<h4 class=\"wp-block-heading\"><strong>Miss\u00e4 tapauksissa voimme jakaa tietojasi.<\/strong><\/h4>\n\n<ul class=\"wp-block-list\">\n<li>Voimme jakaa tai siirt\u00e4\u00e4 henkil\u00f6tietojasi omistajanvaihdoksen, fuusion, omaisuuden myynnin, rahoituksen tai liiketoimintamme hankinnan yhteydess\u00e4. Ilmoitamme sinulle, kun siirr\u00e4mme henkil\u00f6tietojasi ja kun niihin aletaan soveltaa toisen tietosuojak\u00e4yt\u00e4nn\u00f6n m\u00e4\u00e4r\u00e4yksi\u00e4. <\/li>\n\n\n\n<li>Voimme jakaa tietojasi kumppaniyritystemme kanssa edellytt\u00e4m\u00e4ll\u00e4, ett\u00e4 ne noudattavat t\u00e4t\u00e4 tietosuojak\u00e4yt\u00e4nt\u00f6\u00e4. Kumppaneihin kuuluvat emoyhti\u00f6mme, tyt\u00e4ryhti\u00f6mme, yhteisyrityskumppanimme tai omistamamme yritykset. <\/li>\n\n\n\n<li>Saatamme jakaa tietojasi liikekumppaneidemme kanssa tarjotaksemme sinulle tiettyj\u00e4 tuotteita, palveluita tai kampanjoita.<\/li>\n\n\n\n<li>Voimme luovuttaa henkil\u00f6tietojasi mihin tahansa muuhun tarkoitukseen suostumuksellasi.<\/li>\n\n\n\n<li>Olemme velvollisia luovuttamaan henkil\u00f6tietojasi, jos laki niin vaatii. Voimme my\u00f6s luovuttaa tietojasi vilpitt\u00f6m\u00e4ss\u00e4 mieless\u00e4 noudattaaksemme lakis\u00e4\u00e4teist\u00e4 velvoitetta, suojellaksemme oikeuksiamme tai omaisuuttamme, est\u00e4\u00e4ksemme tai havaitaksemme mahdollisia lainrikkomuksia, jotka liittyv\u00e4t palvelumme k\u00e4ytt\u00f6\u00f6si, ja varmistaaksemme palvelumme k\u00e4ytt\u00e4jien turvallisuuden. <\/li>\n<\/ul>\n\n<h4 class=\"wp-block-heading\"><strong>Henkil\u00f6tietojesi tallentaminen<\/strong><\/h4>\n\n<p>Yhti\u00f6 s\u00e4ilytt\u00e4\u00e4 henkil\u00f6tietojasi vain niin kauan kuin se on tarpeen t\u00e4ss\u00e4 tietosuojak\u00e4yt\u00e4nn\u00f6ss\u00e4 esitettyj\u00e4 tarkoituksia varten. S\u00e4ilyt\u00e4mme ja k\u00e4yt\u00e4mme henkil\u00f6tietojasi siin\u00e4 m\u00e4\u00e4rin kuin on tarpeen lakis\u00e4\u00e4teisten velvoitteidemme t\u00e4ytt\u00e4miseksi (esimerkiksi jos meid\u00e4n on s\u00e4ilytett\u00e4v\u00e4 tietojasi sovellettavien lakien noudattamiseksi), riitojen ratkaisemiseksi ja oikeudellisten sopimustemme ja k\u00e4yt\u00e4nt\u00f6jemme noudattamisen valvomiseksi. <\/p>\n\n<p>Yritys s\u00e4ilytt\u00e4\u00e4 my\u00f6s lokitiedostoja sis\u00e4ist\u00e4 analysointia varten. Lokitiedostoja s\u00e4ilytet\u00e4\u00e4n yleens\u00e4 lyhyemm\u00e4n aikaa, paitsi jos tietoja k\u00e4ytet\u00e4\u00e4n turvallisuuden parantamiseen tai palvelumme toiminnallisuuden parantamiseen tai jos laki vaatii meit\u00e4 s\u00e4ilytt\u00e4m\u00e4\u00e4n tietoja pidemp\u00e4\u00e4n. <\/p>\n\n<h4 class=\"wp-block-heading\"><strong>Lasten tietojen k\u00e4sittely<\/strong><\/h4>\n\n<p>Mit\u00e4\u00e4n tuotteistamme tai palveluistamme ei ole suunnattu alle 13-vuotiaille lapsille, emmek\u00e4 tietoisesti ker\u00e4\u00e4 tietoja alle 13-vuotiailta lapsilta. Jos ep\u00e4ilemme, ett\u00e4 k\u00e4sittelemme alle 13-vuotiaan henkil\u00f6n tietoja, poistamme kyseisen henkil\u00f6n kaikista tietokannoistamme. <\/p>\n\n<h4 class=\"wp-block-heading\"><strong>Oikeutesi suojata tietojasi<\/strong><\/h4>\n\n<p>Sinulla on aina oikeus olla jakamatta tietojasi kanssamme, koska tied\u00e4t, ett\u00e4 se voi vaikuttaa kokemukseesi verkkosivustollamme. Jos p\u00e4\u00e4t\u00e4t olla jakamatta tietojasi kanssamme, emme kohtele sinua sen vuoksi ep\u00e4suotuisammin. Jos annat meille henkil\u00f6kohtaisia tietoja, ymm\u00e4rr\u00e4t, ett\u00e4 ker\u00e4\u00e4mme, s\u00e4ilyt\u00e4mme, k\u00e4yt\u00e4mme ja luovutamme niit\u00e4 t\u00e4m\u00e4n tietosuojak\u00e4yt\u00e4nn\u00f6n mukaisesti. Sinulla on oikeus pyyt\u00e4\u00e4 yksityiskohtaisia tietoja sinusta ker\u00e4\u00e4mist\u00e4mme tiedoista.   <\/p>\n\n<p>Kun saamme henkil\u00f6tietojasi kolmannelta osapuolelta, suojaamme niit\u00e4 t\u00e4m\u00e4n tietosuojak\u00e4yt\u00e4nn\u00f6n ja Viron tasavallan lains\u00e4\u00e4d\u00e4nn\u00f6n mukaisesti. Jos jaat itse kolmannen osapuolen tietoja, vahvistat, ett\u00e4 sinulla on siihen oikeus ja lupa. <\/p>\n\n<p>Vaikka olisit aiemmin antanut suostumuksesi siihen, ett\u00e4 jaamme henkil\u00f6tietojasi markkinointitarkoituksiin, sinulla on oikeus muuttaa mielt\u00e4si milloin tahansa. Sinulla on aina oikeus kielt\u00e4yty\u00e4 viestinn\u00e4st\u00e4 kanssamme ja pyyt\u00e4\u00e4 meit\u00e4 poistamaan tietosi tietokannoistamme. Saatamme my\u00f6s aika ajoin pyyt\u00e4\u00e4 sinulta tietoja henkil\u00f6llisyytesi todentamiseksi. Jos uskot, ett\u00e4 sinusta ker\u00e4\u00e4m\u00e4mme tiedot ovat virheellisi\u00e4, vanhentuneita, ep\u00e4t\u00e4ydellisi\u00e4, ep\u00e4relevantteja tai harhaanjohtavia, ota meihin yhteytt\u00e4 s\u00e4hk\u00f6postitse osoitteeseen info@marras.ee. Pyrimme kaikin tavoin korjaamaan ep\u00e4tarkat, ep\u00e4t\u00e4ydelliset, harhaanjohtavat tai vanhentuneet tiedot.    <\/p>\n\n<p>Jos uskot, ett\u00e4 olemme rikkoneet asiaankuuluvaa tietosuojalains\u00e4\u00e4d\u00e4nt\u00f6\u00e4, ja haluat tehd\u00e4 valituksen, ota meihin yhteytt\u00e4 t\u00e4ss\u00e4 asiakirjassa annettujen yhteystietojen avulla ja ilmoita rikkomuksesta kaikki yksityiskohdat. Tutkimme valituksesi viipym\u00e4tt\u00e4 ja vastaamme sinulle kirjallisesti, jossa kerromme tutkimustulokset ja toimenpiteet, joihin ryhdymme valituksesi ratkaisemiseksi. Sinulla on my\u00f6s oikeus saattaa asia s\u00e4\u00e4ntelyviranomaisen tai tietosuojaviranomaisen k\u00e4sitelt\u00e4v\u00e4ksi.  <\/p>\n\n<h4 class=\"wp-block-heading\"><strong>GDPR:n mukaiset tietosuojaoikeudet<\/strong><\/h4>\n\n<p>Haluamme varmistaa, ett\u00e4 olet tietoinen kaikista tietosuojaoikeuksistasi. Jokaisella t\u00e4m\u00e4n sivuston k\u00e4ytt\u00e4j\u00e4ll\u00e4 on oikeus seuraaviin ehtoihin: <\/p>\n\n<ul class=\"wp-block-list\">\n<li>Oikeus tutustua tietoihin &#8211; sinulla on oikeus pyyt\u00e4\u00e4 kopioita henkil\u00f6tiedoistasi.<\/li>\n\n\n\n<li>Oikeus tietojen oikaisemiseen &#8211; sinulla on oikeus pyyt\u00e4\u00e4 meit\u00e4 oikaisemaan tiedot, jotka uskot virheellisiksi. Sinulla on my\u00f6s oikeus pyyt\u00e4\u00e4 meit\u00e4 t\u00e4ydent\u00e4m\u00e4\u00e4n tietoja, jotka mielest\u00e4si ovat puutteellisia. <\/li>\n\n\n\n<li>Oikeus tietojen poistamiseen &#8211; sinulla on tietyin edellytyksin oikeus pyyt\u00e4\u00e4 henkil\u00f6tietojesi poistamista.<\/li>\n\n\n\n<li>Oikeus k\u00e4sittelyn rajoittamiseen &#8211; Sinulla on tietyin edellytyksin oikeus pyyt\u00e4\u00e4 henkil\u00f6tietojesi k\u00e4yt\u00f6n rajoittamista.<\/li>\n\n\n\n<li>Oikeus vastustaa henkil\u00f6tietojesi k\u00e4ytt\u00f6\u00e4 &#8211; Sinulla on tietyin edellytyksin oikeus vastustaa henkil\u00f6tietojesi k\u00e4ytt\u00f6\u00e4.<\/li>\n\n\n\n<li>Oikeus tietojen siirrett\u00e4vyyteen &#8211; Sinulla on tietyin edellytyksin oikeus pyyt\u00e4\u00e4, ett\u00e4 siirr\u00e4mme ker\u00e4\u00e4m\u00e4mme tiedot kolmannelle osapuolelle tai suoraan sinulle.<\/li>\n<\/ul>\n\n<h4 class=\"wp-block-heading\"><strong>Tietojesi turvallisuus<\/strong><\/h4>\n\n<p>Henkil\u00f6kohtaisten tietojesi turvallisuus on meille t\u00e4rke\u00e4\u00e4, mutta muistathan, ett\u00e4 mik\u00e4\u00e4n Internetin kautta tapahtuva tietojenvaihtomenetelm\u00e4 tai s\u00e4hk\u00f6inen tallennusmenetelm\u00e4 ei ole 100-prosenttisen turvallinen. Vaikka teemme kaikkemme suojellaksemme tietojasi, emme voi taata niiden t\u00e4ydellist\u00e4 turvallisuutta. <\/p>\n\n<p>Marras Solutions O\u00dc ryhtyy kaikkiin kohtuullisesti tarvittaviin toimenpiteisiin varmistaakseen, ett\u00e4 tietojasi k\u00e4sitell\u00e4\u00e4n turvallisesti ja t\u00e4m\u00e4n tietosuojak\u00e4yt\u00e4nn\u00f6n sek\u00e4 Viron tasavallan lains\u00e4\u00e4d\u00e4nn\u00f6n mukaisesti. Tietojasi ei siirret\u00e4 mihink\u00e4\u00e4n organisaatioon tai maahan, ellei siihen ole p\u00e4tev\u00e4\u00e4 syyt\u00e4 ja ellei tietojesi turvallisuus ole varmistettu. <\/p>\n\n<h4 class=\"wp-block-heading\"><strong>Linkit muille verkkosivustoille<\/strong><\/h4>\n\n<p>Verkkosivustollamme voi olla linkkej\u00e4 muille verkkosivustoille, jotka eiv\u00e4t ole meid\u00e4n omistuksessamme. Jos napsautat linkki\u00e4 kolmannen osapuolen sivustolle, sinut ohjataan kyseiselle kolmannen osapuolen sivustolle. Suosittelemme, ett\u00e4 luet jokaisen vierailemasi sivuston tietosuojak\u00e4yt\u00e4nn\u00f6t.  <\/p>\n\n<p>Meill\u00e4 ei ole m\u00e4\u00e4r\u00e4ysvaltaa kolmansien osapuolten sivustoihin, emmek\u00e4 ota vastuuta niiden sis\u00e4ll\u00f6st\u00e4, tietosuojak\u00e4yt\u00e4nn\u00f6ist\u00e4, niiden tarjoamista palveluista tai muusta.<\/p>\n\n<h4 class=\"wp-block-heading\"><strong>Tietosuojak\u00e4yt\u00e4nn\u00f6n p\u00e4ivitykset<\/strong><\/h4>\n\n<p>Pid\u00e4t\u00e4mme oikeuden tehd\u00e4 tarvittaessa muutoksia t\u00e4h\u00e4n tietosuojak\u00e4yt\u00e4nt\u00f6\u00e4 koskevaan asiakirjaan. Kun p\u00e4ivit\u00e4mme t\u00e4t\u00e4 tietosuojak\u00e4yt\u00e4nt\u00f6\u00e4, muutamme p\u00e4ivityksen p\u00e4iv\u00e4m\u00e4\u00e4r\u00e4n t\u00e4m\u00e4n asiakirjan alareunaan. Jos jatkat verkkosivustollamme vierailua ja sen k\u00e4ytt\u00f6\u00e4 sen j\u00e4lkeen, kun tietosuojak\u00e4yt\u00e4nt\u00f6 on p\u00e4ivitetty, pid\u00e4mme t\u00e4t\u00e4 hiljaisena hyv\u00e4ksynt\u00e4n\u00e4 muutoksille.  <\/p>\n\n<p>Viimeksi muokattu 11\/09\/2023<\/p>\n\n<p>Marras Solutions O\u00dc<\/p>\n","protected":false},"excerpt":{"rendered":"<p>Yleist\u00e4 Marras Solutions O\u00dc on sitoutunut noudattamaan yksityisyytt\u00e4si ja kaikkia sovellettavia lakeja ja m\u00e4\u00e4r\u00e4yksi\u00e4, jotka koskevat henkil\u00f6tietoja, joita voimme ker\u00e4t\u00e4 sinusta, kun vierailet verkkosivustollamme marras.ee. K\u00e4ytt\u00e4m\u00e4ll\u00e4 verkkosivustoamme annat suostumuksesi siihen, ett\u00e4 ker\u00e4\u00e4mme ja k\u00e4yt\u00e4mme tietojasi t\u00e4m\u00e4n tietosuojak\u00e4yt\u00e4nn\u00f6n mukaisesti. T\u00e4m\u00e4n tietosuojak\u00e4yt\u00e4nn\u00f6n avulla haluamme selitt\u00e4\u00e4 sinulle, mit\u00e4 tietoja ker\u00e4\u00e4mme, miten k\u00e4yt\u00e4mme niit\u00e4 ja mitk\u00e4 ovat oikeutesi suojella [&hellip;]<\/p>\n","protected":false},"author":1,"featured_media":503,"parent":0,"menu_order":0,"comment_status":"closed","ping_status":"closed","template":"templates\/normal-page.php","meta":{"_acf_changed":false,"footnotes":""},"class_list":["post-732","page","type-page","status-publish","has-post-thumbnail","hentry"],"acf":[],"yoast_head":"<!-- This site is optimized with the Yoast SEO plugin v27.3 - https:\/\/yoast.com\/product\/yoast-seo-wordpress\/ -->\n<title>Tietosuojak\u00e4yt\u00e4nt\u00f6 - Marras<\/title>\n<meta name=\"description\" content=\"Marras Solutions O\u00dc arvostaa yksityisyytt\u00e4si ja noudattaa kaikkia henkil\u00f6tietoja koskevia lakeja ja m\u00e4\u00e4r\u00e4yksi\u00e4.\" \/>\n<meta name=\"robots\" content=\"index, follow, max-snippet:-1, max-image-preview:large, max-video-preview:-1\" \/>\n<link rel=\"canonical\" href=\"https:\/\/marras.ee\/fi\/tietosuojakaytanto\/\" \/>\n<meta property=\"og:locale\" content=\"fi_FI\" \/>\n<meta property=\"og:type\" content=\"article\" \/>\n<meta property=\"og:title\" content=\"Tietosuojak\u00e4yt\u00e4nt\u00f6 - Marras\" \/>\n<meta property=\"og:description\" content=\"Marras Solutions O\u00dc arvostaa yksityisyytt\u00e4si ja noudattaa kaikkia henkil\u00f6tietoja koskevia lakeja ja m\u00e4\u00e4r\u00e4yksi\u00e4.\" \/>\n<meta property=\"og:url\" content=\"https:\/\/marras.ee\/fi\/tietosuojakaytanto\/\" \/>\n<meta property=\"og:site_name\" content=\"Marras\" \/>\n<meta property=\"article:modified_time\" content=\"2024-12-19T10:40:50+00:00\" \/>\n<meta property=\"og:image\" content=\"https:\/\/marras.ee\/wp-content\/uploads\/2024\/11\/Screenshot-2024-09-21-at-16.23.00-1024x892-1.png\" \/>\n\t<meta property=\"og:image:width\" content=\"1024\" \/>\n\t<meta property=\"og:image:height\" content=\"892\" \/>\n\t<meta property=\"og:image:type\" content=\"image\/png\" \/>\n<meta name=\"twitter:card\" content=\"summary_large_image\" \/>\n<meta name=\"twitter:label1\" content=\"Arvioitu lukuaika\" \/>\n\t<meta name=\"twitter:data1\" content=\"7 minuuttia\" \/>\n<script type=\"application\/ld+json\" class=\"yoast-schema-graph\">{\"@context\":\"https:\\\/\\\/schema.org\",\"@graph\":[{\"@type\":\"WebPage\",\"@id\":\"https:\\\/\\\/marras.ee\\\/fi\\\/tietosuojakaytanto\\\/\",\"url\":\"https:\\\/\\\/marras.ee\\\/fi\\\/tietosuojakaytanto\\\/\",\"name\":\"Tietosuojak\u00e4yt\u00e4nt\u00f6 - Marras\",\"isPartOf\":{\"@id\":\"https:\\\/\\\/marras.ee\\\/fi\\\/#website\"},\"primaryImageOfPage\":{\"@id\":\"https:\\\/\\\/marras.ee\\\/fi\\\/tietosuojakaytanto\\\/#primaryimage\"},\"image\":{\"@id\":\"https:\\\/\\\/marras.ee\\\/fi\\\/tietosuojakaytanto\\\/#primaryimage\"},\"thumbnailUrl\":\"https:\\\/\\\/marras.ee\\\/wp-content\\\/uploads\\\/2024\\\/11\\\/Screenshot-2024-09-21-at-16.23.00-1024x892-1.png\",\"datePublished\":\"2024-10-04T11:27:39+00:00\",\"dateModified\":\"2024-12-19T10:40:50+00:00\",\"description\":\"Marras Solutions O\u00dc arvostaa yksityisyytt\u00e4si ja noudattaa kaikkia henkil\u00f6tietoja koskevia lakeja ja m\u00e4\u00e4r\u00e4yksi\u00e4.\",\"breadcrumb\":{\"@id\":\"https:\\\/\\\/marras.ee\\\/fi\\\/tietosuojakaytanto\\\/#breadcrumb\"},\"inLanguage\":\"fi\",\"potentialAction\":[{\"@type\":\"ReadAction\",\"target\":[\"https:\\\/\\\/marras.ee\\\/fi\\\/tietosuojakaytanto\\\/\"]}]},{\"@type\":\"ImageObject\",\"inLanguage\":\"fi\",\"@id\":\"https:\\\/\\\/marras.ee\\\/fi\\\/tietosuojakaytanto\\\/#primaryimage\",\"url\":\"https:\\\/\\\/marras.ee\\\/wp-content\\\/uploads\\\/2024\\\/11\\\/Screenshot-2024-09-21-at-16.23.00-1024x892-1.png\",\"contentUrl\":\"https:\\\/\\\/marras.ee\\\/wp-content\\\/uploads\\\/2024\\\/11\\\/Screenshot-2024-09-21-at-16.23.00-1024x892-1.png\",\"width\":1024,\"height\":892,\"caption\":\"Marrasin sotilastarvikkeet\"},{\"@type\":\"BreadcrumbList\",\"@id\":\"https:\\\/\\\/marras.ee\\\/fi\\\/tietosuojakaytanto\\\/#breadcrumb\",\"itemListElement\":[{\"@type\":\"ListItem\",\"position\":1,\"name\":\"Home\",\"item\":\"https:\\\/\\\/marras.ee\\\/fi\\\/kotisivu\\\/\"},{\"@type\":\"ListItem\",\"position\":2,\"name\":\"Tietosuojak\u00e4yt\u00e4nt\u00f6\"}]},{\"@type\":\"WebSite\",\"@id\":\"https:\\\/\\\/marras.ee\\\/fi\\\/#website\",\"url\":\"https:\\\/\\\/marras.ee\\\/fi\\\/\",\"name\":\"Marras\",\"description\":\"\",\"potentialAction\":[{\"@type\":\"SearchAction\",\"target\":{\"@type\":\"EntryPoint\",\"urlTemplate\":\"https:\\\/\\\/marras.ee\\\/fi\\\/?s={search_term_string}\"},\"query-input\":{\"@type\":\"PropertyValueSpecification\",\"valueRequired\":true,\"valueName\":\"search_term_string\"}}],\"inLanguage\":\"fi\"}]}<\/script>\n<!-- \/ Yoast SEO plugin. -->","yoast_head_json":{"title":"Tietosuojak\u00e4yt\u00e4nt\u00f6 - Marras","description":"Marras Solutions O\u00dc arvostaa yksityisyytt\u00e4si ja noudattaa kaikkia henkil\u00f6tietoja koskevia lakeja ja m\u00e4\u00e4r\u00e4yksi\u00e4.","robots":{"index":"index","follow":"follow","max-snippet":"max-snippet:-1","max-image-preview":"max-image-preview:large","max-video-preview":"max-video-preview:-1"},"canonical":"https:\/\/marras.ee\/fi\/tietosuojakaytanto\/","og_locale":"fi_FI","og_type":"article","og_title":"Tietosuojak\u00e4yt\u00e4nt\u00f6 - Marras","og_description":"Marras Solutions O\u00dc arvostaa yksityisyytt\u00e4si ja noudattaa kaikkia henkil\u00f6tietoja koskevia lakeja ja m\u00e4\u00e4r\u00e4yksi\u00e4.","og_url":"https:\/\/marras.ee\/fi\/tietosuojakaytanto\/","og_site_name":"Marras","article_modified_time":"2024-12-19T10:40:50+00:00","og_image":[{"width":1024,"height":892,"url":"https:\/\/marras.ee\/wp-content\/uploads\/2024\/11\/Screenshot-2024-09-21-at-16.23.00-1024x892-1.png","type":"image\/png"}],"twitter_card":"summary_large_image","twitter_misc":{"Arvioitu lukuaika":"7 minuuttia"},"schema":{"@context":"https:\/\/schema.org","@graph":[{"@type":"WebPage","@id":"https:\/\/marras.ee\/fi\/tietosuojakaytanto\/","url":"https:\/\/marras.ee\/fi\/tietosuojakaytanto\/","name":"Tietosuojak\u00e4yt\u00e4nt\u00f6 - Marras","isPartOf":{"@id":"https:\/\/marras.ee\/fi\/#website"},"primaryImageOfPage":{"@id":"https:\/\/marras.ee\/fi\/tietosuojakaytanto\/#primaryimage"},"image":{"@id":"https:\/\/marras.ee\/fi\/tietosuojakaytanto\/#primaryimage"},"thumbnailUrl":"https:\/\/marras.ee\/wp-content\/uploads\/2024\/11\/Screenshot-2024-09-21-at-16.23.00-1024x892-1.png","datePublished":"2024-10-04T11:27:39+00:00","dateModified":"2024-12-19T10:40:50+00:00","description":"Marras Solutions O\u00dc arvostaa yksityisyytt\u00e4si ja noudattaa kaikkia henkil\u00f6tietoja koskevia lakeja ja m\u00e4\u00e4r\u00e4yksi\u00e4.","breadcrumb":{"@id":"https:\/\/marras.ee\/fi\/tietosuojakaytanto\/#breadcrumb"},"inLanguage":"fi","potentialAction":[{"@type":"ReadAction","target":["https:\/\/marras.ee\/fi\/tietosuojakaytanto\/"]}]},{"@type":"ImageObject","inLanguage":"fi","@id":"https:\/\/marras.ee\/fi\/tietosuojakaytanto\/#primaryimage","url":"https:\/\/marras.ee\/wp-content\/uploads\/2024\/11\/Screenshot-2024-09-21-at-16.23.00-1024x892-1.png","contentUrl":"https:\/\/marras.ee\/wp-content\/uploads\/2024\/11\/Screenshot-2024-09-21-at-16.23.00-1024x892-1.png","width":1024,"height":892,"caption":"Marrasin sotilastarvikkeet"},{"@type":"BreadcrumbList","@id":"https:\/\/marras.ee\/fi\/tietosuojakaytanto\/#breadcrumb","itemListElement":[{"@type":"ListItem","position":1,"name":"Home","item":"https:\/\/marras.ee\/fi\/kotisivu\/"},{"@type":"ListItem","position":2,"name":"Tietosuojak\u00e4yt\u00e4nt\u00f6"}]},{"@type":"WebSite","@id":"https:\/\/marras.ee\/fi\/#website","url":"https:\/\/marras.ee\/fi\/","name":"Marras","description":"","potentialAction":[{"@type":"SearchAction","target":{"@type":"EntryPoint","urlTemplate":"https:\/\/marras.ee\/fi\/?s={search_term_string}"},"query-input":{"@type":"PropertyValueSpecification","valueRequired":true,"valueName":"search_term_string"}}],"inLanguage":"fi"}]}},"_links":{"self":[{"href":"https:\/\/marras.ee\/fi\/wp-json\/wp\/v2\/pages\/732","targetHints":{"allow":["GET"]}}],"collection":[{"href":"https:\/\/marras.ee\/fi\/wp-json\/wp\/v2\/pages"}],"about":[{"href":"https:\/\/marras.ee\/fi\/wp-json\/wp\/v2\/types\/page"}],"author":[{"embeddable":true,"href":"https:\/\/marras.ee\/fi\/wp-json\/wp\/v2\/users\/1"}],"replies":[{"embeddable":true,"href":"https:\/\/marras.ee\/fi\/wp-json\/wp\/v2\/comments?post=732"}],"version-history":[{"count":1,"href":"https:\/\/marras.ee\/fi\/wp-json\/wp\/v2\/pages\/732\/revisions"}],"predecessor-version":[{"id":735,"href":"https:\/\/marras.ee\/fi\/wp-json\/wp\/v2\/pages\/732\/revisions\/735"}],"wp:featuredmedia":[{"embeddable":true,"href":"https:\/\/marras.ee\/fi\/wp-json\/wp\/v2\/media\/503"}],"wp:attachment":[{"href":"https:\/\/marras.ee\/fi\/wp-json\/wp\/v2\/media?parent=732"}],"curies":[{"name":"wp","href":"https:\/\/api.w.org\/{rel}","templated":true}]}}