{"id":2206,"date":"2025-02-25T23:05:46","date_gmt":"2025-02-25T21:05:46","guid":{"rendered":"https:\/\/marras.ee\/product\/nenanieluputki-jossa-on-voiteluainetta\/"},"modified":"2026-03-11T21:12:52","modified_gmt":"2026-03-11T19:12:52","slug":"nenanieluputki-jossa-on-voiteluainetta","status":"publish","type":"product","link":"https:\/\/marras.ee\/fi\/product\/nenanieluputki-jossa-on-voiteluainetta\/","title":{"rendered":"Nen\u00e4nieluputki, jossa on voiteluainetta"},"content":{"rendered":"<p>Nen\u00e4nieluputki, jossa on voiteluaine, on v\u00e4ltt\u00e4m\u00e4t\u00f6n v\u00e4line hengitysteiden tukemiseen ja ventilaatioon l\u00e4\u00e4ketieteellisiss\u00e4 tilanteissa, joissa on tarpeen pit\u00e4\u00e4 hengitystiet vapaina ja selkein\u00e4. Voiteluaineella p\u00e4\u00e4llystetty versio tekee putken asettamisesta ja k\u00e4yt\u00f6st\u00e4 miellytt\u00e4v\u00e4mp\u00e4\u00e4 ja minimoi potilaan ep\u00e4mukavuutta. Se on v\u00e4ltt\u00e4m\u00e4t\u00f6n v\u00e4line nopeaan ja tehokkaaseen ensiapuun.  <\/p>\n","protected":false},"excerpt":{"rendered":"<p>Nen\u00e4nieluputki, jossa on voiteluaine, on v\u00e4ltt\u00e4m\u00e4t\u00f6n v\u00e4line hengitysteiden tukemiseen ja ventilaatioon l\u00e4\u00e4ketieteellisiss\u00e4 tilanteissa, joissa on tarpeen pit\u00e4\u00e4 hengitystiet vapaina ja selkein\u00e4. Voiteluaineella p\u00e4\u00e4llystetty versio tekee putken asettamisesta ja k\u00e4yt\u00f6st\u00e4 miellytt\u00e4v\u00e4mp\u00e4\u00e4 ja minimoi potilaan ep\u00e4mukavuutta. Se on v\u00e4ltt\u00e4m\u00e4t\u00f6n v\u00e4line nopeaan ja tehokkaaseen ensiapuun.<\/p>\n","protected":false},"featured_media":1955,"comment_status":"closed","ping_status":"closed","template":"","meta":{"_acf_changed":false},"product_brand":[],"product_cat":[40],"product_tag":[],"class_list":{"0":"post-2206","1":"product","2":"type-product","3":"status-publish","4":"has-post-thumbnail","6":"product_cat-laakinnalliset-laitteet","8":"first","9":"outofstock","10":"taxable","11":"shipping-taxable","12":"purchasable","13":"product-type-simple"},"acf":[],"yoast_head":"<!-- This site is optimized with the Yoast SEO plugin v27.3 - https:\/\/yoast.com\/product\/yoast-seo-wordpress\/ -->\n<title>Nen\u00e4nieluputki, jossa on voiteluainetta - Marras<\/title>\n<meta name=\"robots\" content=\"index, follow, max-snippet:-1, max-image-preview:large, max-video-preview:-1\" \/>\n<link rel=\"canonical\" href=\"https:\/\/marras.ee\/fi\/product\/nenanieluputki-jossa-on-voiteluainetta\/\" \/>\n<meta property=\"og:locale\" content=\"fi_FI\" \/>\n<meta property=\"og:type\" content=\"article\" \/>\n<meta property=\"og:title\" content=\"Nen\u00e4nieluputki, jossa on voiteluainetta - Marras\" \/>\n<meta property=\"og:description\" content=\"Nen\u00e4nieluputki, jossa on voiteluaine, on v\u00e4ltt\u00e4m\u00e4t\u00f6n v\u00e4line hengitysteiden tukemiseen ja ventilaatioon l\u00e4\u00e4ketieteellisiss\u00e4 tilanteissa, joissa on tarpeen pit\u00e4\u00e4 hengitystiet vapaina ja selkein\u00e4. Voiteluaineella p\u00e4\u00e4llystetty versio tekee putken asettamisesta ja k\u00e4yt\u00f6st\u00e4 miellytt\u00e4v\u00e4mp\u00e4\u00e4 ja minimoi potilaan ep\u00e4mukavuutta. Se on v\u00e4ltt\u00e4m\u00e4t\u00f6n v\u00e4line nopeaan ja tehokkaaseen ensiapuun.\" \/>\n<meta property=\"og:url\" content=\"https:\/\/marras.ee\/fi\/product\/nenanieluputki-jossa-on-voiteluainetta\/\" \/>\n<meta property=\"og:site_name\" content=\"Marras\" \/>\n<meta property=\"article:modified_time\" content=\"2026-03-11T19:12:52+00:00\" \/>\n<meta property=\"og:image\" content=\"https:\/\/marras.ee\/wp-content\/uploads\/2025\/02\/Nimetu-kujundus-10.png\" \/>\n\t<meta property=\"og:image:width\" content=\"1080\" \/>\n\t<meta property=\"og:image:height\" content=\"1080\" \/>\n\t<meta property=\"og:image:type\" content=\"image\/png\" \/>\n<meta name=\"twitter:card\" content=\"summary_large_image\" \/>\n<script type=\"application\/ld+json\" class=\"yoast-schema-graph\">{\"@context\":\"https:\\\/\\\/schema.org\",\"@graph\":[{\"@type\":\"WebPage\",\"@id\":\"https:\\\/\\\/marras.ee\\\/fi\\\/product\\\/nenanieluputki-jossa-on-voiteluainetta\\\/\",\"url\":\"https:\\\/\\\/marras.ee\\\/fi\\\/product\\\/nenanieluputki-jossa-on-voiteluainetta\\\/\",\"name\":\"Nen\u00e4nieluputki, jossa on voiteluainetta - Marras\",\"isPartOf\":{\"@id\":\"https:\\\/\\\/marras.ee\\\/fi\\\/#website\"},\"primaryImageOfPage\":{\"@id\":\"https:\\\/\\\/marras.ee\\\/fi\\\/product\\\/nenanieluputki-jossa-on-voiteluainetta\\\/#primaryimage\"},\"image\":{\"@id\":\"https:\\\/\\\/marras.ee\\\/fi\\\/product\\\/nenanieluputki-jossa-on-voiteluainetta\\\/#primaryimage\"},\"thumbnailUrl\":\"https:\\\/\\\/marras.ee\\\/wp-content\\\/uploads\\\/2025\\\/02\\\/Nimetu-kujundus-10.png\",\"datePublished\":\"2025-02-25T21:05:46+00:00\",\"dateModified\":\"2026-03-11T19:12:52+00:00\",\"breadcrumb\":{\"@id\":\"https:\\\/\\\/marras.ee\\\/fi\\\/product\\\/nenanieluputki-jossa-on-voiteluainetta\\\/#breadcrumb\"},\"inLanguage\":\"fi\",\"potentialAction\":[{\"@type\":\"ReadAction\",\"target\":[\"https:\\\/\\\/marras.ee\\\/fi\\\/product\\\/nenanieluputki-jossa-on-voiteluainetta\\\/\"]}]},{\"@type\":\"ImageObject\",\"inLanguage\":\"fi\",\"@id\":\"https:\\\/\\\/marras.ee\\\/fi\\\/product\\\/nenanieluputki-jossa-on-voiteluainetta\\\/#primaryimage\",\"url\":\"https:\\\/\\\/marras.ee\\\/wp-content\\\/uploads\\\/2025\\\/02\\\/Nimetu-kujundus-10.png\",\"contentUrl\":\"https:\\\/\\\/marras.ee\\\/wp-content\\\/uploads\\\/2025\\\/02\\\/Nimetu-kujundus-10.png\",\"width\":1080,\"height\":1080},{\"@type\":\"BreadcrumbList\",\"@id\":\"https:\\\/\\\/marras.ee\\\/fi\\\/product\\\/nenanieluputki-jossa-on-voiteluainetta\\\/#breadcrumb\",\"itemListElement\":[{\"@type\":\"ListItem\",\"position\":1,\"name\":\"Home\",\"item\":\"https:\\\/\\\/marras.ee\\\/fi\\\/kotisivu\\\/\"},{\"@type\":\"ListItem\",\"position\":2,\"name\":\"Tuotteet\",\"item\":\"https:\\\/\\\/marras.ee\\\/fi\\\/shop\\\/\"},{\"@type\":\"ListItem\",\"position\":3,\"name\":\"Nen\u00e4nieluputki, jossa on voiteluainetta\"}]},{\"@type\":\"WebSite\",\"@id\":\"https:\\\/\\\/marras.ee\\\/fi\\\/#website\",\"url\":\"https:\\\/\\\/marras.ee\\\/fi\\\/\",\"name\":\"Marras\",\"description\":\"\",\"potentialAction\":[{\"@type\":\"SearchAction\",\"target\":{\"@type\":\"EntryPoint\",\"urlTemplate\":\"https:\\\/\\\/marras.ee\\\/fi\\\/?s={search_term_string}\"},\"query-input\":{\"@type\":\"PropertyValueSpecification\",\"valueRequired\":true,\"valueName\":\"search_term_string\"}}],\"inLanguage\":\"fi\"}]}<\/script>\n<!-- \/ Yoast SEO plugin. -->","yoast_head_json":{"title":"Nen\u00e4nieluputki, jossa on voiteluainetta - Marras","robots":{"index":"index","follow":"follow","max-snippet":"max-snippet:-1","max-image-preview":"max-image-preview:large","max-video-preview":"max-video-preview:-1"},"canonical":"https:\/\/marras.ee\/fi\/product\/nenanieluputki-jossa-on-voiteluainetta\/","og_locale":"fi_FI","og_type":"article","og_title":"Nen\u00e4nieluputki, jossa on voiteluainetta - Marras","og_description":"Nen\u00e4nieluputki, jossa on voiteluaine, on v\u00e4ltt\u00e4m\u00e4t\u00f6n v\u00e4line hengitysteiden tukemiseen ja ventilaatioon l\u00e4\u00e4ketieteellisiss\u00e4 tilanteissa, joissa on tarpeen pit\u00e4\u00e4 hengitystiet vapaina ja selkein\u00e4. Voiteluaineella p\u00e4\u00e4llystetty versio tekee putken asettamisesta ja k\u00e4yt\u00f6st\u00e4 miellytt\u00e4v\u00e4mp\u00e4\u00e4 ja minimoi potilaan ep\u00e4mukavuutta. Se on v\u00e4ltt\u00e4m\u00e4t\u00f6n v\u00e4line nopeaan ja tehokkaaseen ensiapuun.","og_url":"https:\/\/marras.ee\/fi\/product\/nenanieluputki-jossa-on-voiteluainetta\/","og_site_name":"Marras","article_modified_time":"2026-03-11T19:12:52+00:00","og_image":[{"width":1080,"height":1080,"url":"https:\/\/marras.ee\/wp-content\/uploads\/2025\/02\/Nimetu-kujundus-10.png","type":"image\/png"}],"twitter_card":"summary_large_image","schema":{"@context":"https:\/\/schema.org","@graph":[{"@type":"WebPage","@id":"https:\/\/marras.ee\/fi\/product\/nenanieluputki-jossa-on-voiteluainetta\/","url":"https:\/\/marras.ee\/fi\/product\/nenanieluputki-jossa-on-voiteluainetta\/","name":"Nen\u00e4nieluputki, jossa on voiteluainetta - Marras","isPartOf":{"@id":"https:\/\/marras.ee\/fi\/#website"},"primaryImageOfPage":{"@id":"https:\/\/marras.ee\/fi\/product\/nenanieluputki-jossa-on-voiteluainetta\/#primaryimage"},"image":{"@id":"https:\/\/marras.ee\/fi\/product\/nenanieluputki-jossa-on-voiteluainetta\/#primaryimage"},"thumbnailUrl":"https:\/\/marras.ee\/wp-content\/uploads\/2025\/02\/Nimetu-kujundus-10.png","datePublished":"2025-02-25T21:05:46+00:00","dateModified":"2026-03-11T19:12:52+00:00","breadcrumb":{"@id":"https:\/\/marras.ee\/fi\/product\/nenanieluputki-jossa-on-voiteluainetta\/#breadcrumb"},"inLanguage":"fi","potentialAction":[{"@type":"ReadAction","target":["https:\/\/marras.ee\/fi\/product\/nenanieluputki-jossa-on-voiteluainetta\/"]}]},{"@type":"ImageObject","inLanguage":"fi","@id":"https:\/\/marras.ee\/fi\/product\/nenanieluputki-jossa-on-voiteluainetta\/#primaryimage","url":"https:\/\/marras.ee\/wp-content\/uploads\/2025\/02\/Nimetu-kujundus-10.png","contentUrl":"https:\/\/marras.ee\/wp-content\/uploads\/2025\/02\/Nimetu-kujundus-10.png","width":1080,"height":1080},{"@type":"BreadcrumbList","@id":"https:\/\/marras.ee\/fi\/product\/nenanieluputki-jossa-on-voiteluainetta\/#breadcrumb","itemListElement":[{"@type":"ListItem","position":1,"name":"Home","item":"https:\/\/marras.ee\/fi\/kotisivu\/"},{"@type":"ListItem","position":2,"name":"Tuotteet","item":"https:\/\/marras.ee\/fi\/shop\/"},{"@type":"ListItem","position":3,"name":"Nen\u00e4nieluputki, jossa on voiteluainetta"}]},{"@type":"WebSite","@id":"https:\/\/marras.ee\/fi\/#website","url":"https:\/\/marras.ee\/fi\/","name":"Marras","description":"","potentialAction":[{"@type":"SearchAction","target":{"@type":"EntryPoint","urlTemplate":"https:\/\/marras.ee\/fi\/?s={search_term_string}"},"query-input":{"@type":"PropertyValueSpecification","valueRequired":true,"valueName":"search_term_string"}}],"inLanguage":"fi"}]}},"_links":{"self":[{"href":"https:\/\/marras.ee\/fi\/wp-json\/wp\/v2\/product\/2206","targetHints":{"allow":["GET"]}}],"collection":[{"href":"https:\/\/marras.ee\/fi\/wp-json\/wp\/v2\/product"}],"about":[{"href":"https:\/\/marras.ee\/fi\/wp-json\/wp\/v2\/types\/product"}],"replies":[{"embeddable":true,"href":"https:\/\/marras.ee\/fi\/wp-json\/wp\/v2\/comments?post=2206"}],"wp:featuredmedia":[{"embeddable":true,"href":"https:\/\/marras.ee\/fi\/wp-json\/wp\/v2\/media\/1955"}],"wp:attachment":[{"href":"https:\/\/marras.ee\/fi\/wp-json\/wp\/v2\/media?parent=2206"}],"wp:term":[{"taxonomy":"product_brand","embeddable":true,"href":"https:\/\/marras.ee\/fi\/wp-json\/wp\/v2\/product_brand?post=2206"},{"taxonomy":"product_cat","embeddable":true,"href":"https:\/\/marras.ee\/fi\/wp-json\/wp\/v2\/product_cat?post=2206"},{"taxonomy":"product_tag","embeddable":true,"href":"https:\/\/marras.ee\/fi\/wp-json\/wp\/v2\/product_tag?post=2206"}],"curies":[{"name":"wp","href":"https:\/\/api.w.org\/{rel}","templated":true}]}}