{"id":3546,"date":"2025-02-25T23:48:24","date_gmt":"2025-02-25T21:48:24","guid":{"rendered":"https:\/\/marras.ee\/product\/tg-taco-pussi-2ne\/"},"modified":"2026-04-12T11:08:02","modified_gmt":"2026-04-12T09:08:02","slug":"tg-taco-pussi-2ne","status":"publish","type":"product","link":"https:\/\/marras.ee\/fi\/product\/tg-taco-pussi-2ne\/","title":{"rendered":"TG Taco pussi 2ne"},"content":{"rendered":"<p>Templars Gearin Marrasille tilausty\u00f6n\u00e4 tekem\u00e4 tacotyylinen tarjottimen tasku kahdelle tarjottimelle.<\/p>\n","protected":false},"excerpt":{"rendered":"<p>Templars Gearin Marrasille tilausty\u00f6n\u00e4 tekem\u00e4 tacotyylinen tarjottimen tasku kahdelle tarjottimelle.<\/p>\n","protected":false},"featured_media":1988,"comment_status":"closed","ping_status":"closed","template":"","meta":{"_acf_changed":false},"product_brand":[],"product_cat":[37],"product_tag":[],"class_list":{"0":"post-3546","1":"product","2":"type-product","3":"status-publish","4":"has-post-thumbnail","6":"product_cat-taskut-ja-laukut","8":"first","9":"instock","10":"taxable","11":"shipping-taxable","12":"purchasable","13":"product-type-simple"},"acf":[],"yoast_head":"<!-- This site is optimized with the Yoast SEO plugin v27.3 - https:\/\/yoast.com\/product\/yoast-seo-wordpress\/ -->\n<title>TG Taco pussi 2ne - Marras<\/title>\n<meta name=\"robots\" content=\"index, follow, max-snippet:-1, max-image-preview:large, max-video-preview:-1\" \/>\n<link rel=\"canonical\" href=\"https:\/\/marras.ee\/fi\/product\/tg-taco-pussi-2ne\/\" \/>\n<meta property=\"og:locale\" content=\"fi_FI\" \/>\n<meta property=\"og:type\" content=\"article\" \/>\n<meta property=\"og:title\" content=\"TG Taco pussi 2ne - Marras\" \/>\n<meta property=\"og:description\" content=\"Templars Gearin Marrasille tilausty\u00f6n\u00e4 tekem\u00e4 tacotyylinen tarjottimen tasku kahdelle tarjottimelle.\" \/>\n<meta property=\"og:url\" content=\"https:\/\/marras.ee\/fi\/product\/tg-taco-pussi-2ne\/\" \/>\n<meta property=\"og:site_name\" content=\"Marras\" \/>\n<meta property=\"article:modified_time\" content=\"2026-04-12T09:08:02+00:00\" \/>\n<meta property=\"og:image\" content=\"https:\/\/marras.ee\/wp-content\/uploads\/2025\/02\/kahene-taco-2.png\" \/>\n\t<meta property=\"og:image:width\" content=\"1080\" \/>\n\t<meta property=\"og:image:height\" content=\"1080\" \/>\n\t<meta property=\"og:image:type\" content=\"image\/png\" \/>\n<meta name=\"twitter:card\" content=\"summary_large_image\" \/>\n<script type=\"application\/ld+json\" class=\"yoast-schema-graph\">{\"@context\":\"https:\\\/\\\/schema.org\",\"@graph\":[{\"@type\":\"WebPage\",\"@id\":\"https:\\\/\\\/marras.ee\\\/fi\\\/product\\\/tg-taco-pussi-2ne\\\/\",\"url\":\"https:\\\/\\\/marras.ee\\\/fi\\\/product\\\/tg-taco-pussi-2ne\\\/\",\"name\":\"TG Taco pussi 2ne - Marras\",\"isPartOf\":{\"@id\":\"https:\\\/\\\/marras.ee\\\/fi\\\/#website\"},\"primaryImageOfPage\":{\"@id\":\"https:\\\/\\\/marras.ee\\\/fi\\\/product\\\/tg-taco-pussi-2ne\\\/#primaryimage\"},\"image\":{\"@id\":\"https:\\\/\\\/marras.ee\\\/fi\\\/product\\\/tg-taco-pussi-2ne\\\/#primaryimage\"},\"thumbnailUrl\":\"https:\\\/\\\/marras.ee\\\/wp-content\\\/uploads\\\/2025\\\/02\\\/kahene-taco-2.png\",\"datePublished\":\"2025-02-25T21:48:24+00:00\",\"dateModified\":\"2026-04-12T09:08:02+00:00\",\"breadcrumb\":{\"@id\":\"https:\\\/\\\/marras.ee\\\/fi\\\/product\\\/tg-taco-pussi-2ne\\\/#breadcrumb\"},\"inLanguage\":\"fi\",\"potentialAction\":[{\"@type\":\"ReadAction\",\"target\":[\"https:\\\/\\\/marras.ee\\\/fi\\\/product\\\/tg-taco-pussi-2ne\\\/\"]}]},{\"@type\":\"ImageObject\",\"inLanguage\":\"fi\",\"@id\":\"https:\\\/\\\/marras.ee\\\/fi\\\/product\\\/tg-taco-pussi-2ne\\\/#primaryimage\",\"url\":\"https:\\\/\\\/marras.ee\\\/wp-content\\\/uploads\\\/2025\\\/02\\\/kahene-taco-2.png\",\"contentUrl\":\"https:\\\/\\\/marras.ee\\\/wp-content\\\/uploads\\\/2025\\\/02\\\/kahene-taco-2.png\",\"width\":1080,\"height\":1080},{\"@type\":\"BreadcrumbList\",\"@id\":\"https:\\\/\\\/marras.ee\\\/fi\\\/product\\\/tg-taco-pussi-2ne\\\/#breadcrumb\",\"itemListElement\":[{\"@type\":\"ListItem\",\"position\":1,\"name\":\"Home\",\"item\":\"https:\\\/\\\/marras.ee\\\/fi\\\/kotisivu\\\/\"},{\"@type\":\"ListItem\",\"position\":2,\"name\":\"Tuotteet\",\"item\":\"https:\\\/\\\/marras.ee\\\/fi\\\/shop\\\/\"},{\"@type\":\"ListItem\",\"position\":3,\"name\":\"TG Taco pussi 2ne\"}]},{\"@type\":\"WebSite\",\"@id\":\"https:\\\/\\\/marras.ee\\\/fi\\\/#website\",\"url\":\"https:\\\/\\\/marras.ee\\\/fi\\\/\",\"name\":\"Marras\",\"description\":\"\",\"potentialAction\":[{\"@type\":\"SearchAction\",\"target\":{\"@type\":\"EntryPoint\",\"urlTemplate\":\"https:\\\/\\\/marras.ee\\\/fi\\\/?s={search_term_string}\"},\"query-input\":{\"@type\":\"PropertyValueSpecification\",\"valueRequired\":true,\"valueName\":\"search_term_string\"}}],\"inLanguage\":\"fi\"}]}<\/script>\n<!-- \/ Yoast SEO plugin. -->","yoast_head_json":{"title":"TG Taco pussi 2ne - Marras","robots":{"index":"index","follow":"follow","max-snippet":"max-snippet:-1","max-image-preview":"max-image-preview:large","max-video-preview":"max-video-preview:-1"},"canonical":"https:\/\/marras.ee\/fi\/product\/tg-taco-pussi-2ne\/","og_locale":"fi_FI","og_type":"article","og_title":"TG Taco pussi 2ne - Marras","og_description":"Templars Gearin Marrasille tilausty\u00f6n\u00e4 tekem\u00e4 tacotyylinen tarjottimen tasku kahdelle tarjottimelle.","og_url":"https:\/\/marras.ee\/fi\/product\/tg-taco-pussi-2ne\/","og_site_name":"Marras","article_modified_time":"2026-04-12T09:08:02+00:00","og_image":[{"width":1080,"height":1080,"url":"https:\/\/marras.ee\/wp-content\/uploads\/2025\/02\/kahene-taco-2.png","type":"image\/png"}],"twitter_card":"summary_large_image","schema":{"@context":"https:\/\/schema.org","@graph":[{"@type":"WebPage","@id":"https:\/\/marras.ee\/fi\/product\/tg-taco-pussi-2ne\/","url":"https:\/\/marras.ee\/fi\/product\/tg-taco-pussi-2ne\/","name":"TG Taco pussi 2ne - Marras","isPartOf":{"@id":"https:\/\/marras.ee\/fi\/#website"},"primaryImageOfPage":{"@id":"https:\/\/marras.ee\/fi\/product\/tg-taco-pussi-2ne\/#primaryimage"},"image":{"@id":"https:\/\/marras.ee\/fi\/product\/tg-taco-pussi-2ne\/#primaryimage"},"thumbnailUrl":"https:\/\/marras.ee\/wp-content\/uploads\/2025\/02\/kahene-taco-2.png","datePublished":"2025-02-25T21:48:24+00:00","dateModified":"2026-04-12T09:08:02+00:00","breadcrumb":{"@id":"https:\/\/marras.ee\/fi\/product\/tg-taco-pussi-2ne\/#breadcrumb"},"inLanguage":"fi","potentialAction":[{"@type":"ReadAction","target":["https:\/\/marras.ee\/fi\/product\/tg-taco-pussi-2ne\/"]}]},{"@type":"ImageObject","inLanguage":"fi","@id":"https:\/\/marras.ee\/fi\/product\/tg-taco-pussi-2ne\/#primaryimage","url":"https:\/\/marras.ee\/wp-content\/uploads\/2025\/02\/kahene-taco-2.png","contentUrl":"https:\/\/marras.ee\/wp-content\/uploads\/2025\/02\/kahene-taco-2.png","width":1080,"height":1080},{"@type":"BreadcrumbList","@id":"https:\/\/marras.ee\/fi\/product\/tg-taco-pussi-2ne\/#breadcrumb","itemListElement":[{"@type":"ListItem","position":1,"name":"Home","item":"https:\/\/marras.ee\/fi\/kotisivu\/"},{"@type":"ListItem","position":2,"name":"Tuotteet","item":"https:\/\/marras.ee\/fi\/shop\/"},{"@type":"ListItem","position":3,"name":"TG Taco pussi 2ne"}]},{"@type":"WebSite","@id":"https:\/\/marras.ee\/fi\/#website","url":"https:\/\/marras.ee\/fi\/","name":"Marras","description":"","potentialAction":[{"@type":"SearchAction","target":{"@type":"EntryPoint","urlTemplate":"https:\/\/marras.ee\/fi\/?s={search_term_string}"},"query-input":{"@type":"PropertyValueSpecification","valueRequired":true,"valueName":"search_term_string"}}],"inLanguage":"fi"}]}},"_links":{"self":[{"href":"https:\/\/marras.ee\/fi\/wp-json\/wp\/v2\/product\/3546","targetHints":{"allow":["GET"]}}],"collection":[{"href":"https:\/\/marras.ee\/fi\/wp-json\/wp\/v2\/product"}],"about":[{"href":"https:\/\/marras.ee\/fi\/wp-json\/wp\/v2\/types\/product"}],"replies":[{"embeddable":true,"href":"https:\/\/marras.ee\/fi\/wp-json\/wp\/v2\/comments?post=3546"}],"wp:featuredmedia":[{"embeddable":true,"href":"https:\/\/marras.ee\/fi\/wp-json\/wp\/v2\/media\/1988"}],"wp:attachment":[{"href":"https:\/\/marras.ee\/fi\/wp-json\/wp\/v2\/media?parent=3546"}],"wp:term":[{"taxonomy":"product_brand","embeddable":true,"href":"https:\/\/marras.ee\/fi\/wp-json\/wp\/v2\/product_brand?post=3546"},{"taxonomy":"product_cat","embeddable":true,"href":"https:\/\/marras.ee\/fi\/wp-json\/wp\/v2\/product_cat?post=3546"},{"taxonomy":"product_tag","embeddable":true,"href":"https:\/\/marras.ee\/fi\/wp-json\/wp\/v2\/product_tag?post=3546"}],"curies":[{"name":"wp","href":"https:\/\/api.w.org\/{rel}","templated":true}]}}