{"id":4324,"date":"2025-09-22T23:11:49","date_gmt":"2025-09-22T21:11:49","guid":{"rendered":"https:\/\/marras.ee\/product\/varustetasku-2-x-4\/"},"modified":"2026-03-11T21:13:37","modified_gmt":"2026-03-11T19:13:37","slug":"varustetasku-2-x-4","status":"publish","type":"product","link":"https:\/\/marras.ee\/fi\/product\/varustetasku-2-x-4\/","title":{"rendered":"Varustetasku 2 X 4"},"content":{"rendered":"<p>Lukittava, kahteen MOLLE-nauhaan kiinnittyv\u00e4 varustepussi. Pienin versio Marrasin yleisk\u00e4ytt\u00f6isist\u00e4 varustepusseista.<\/p>\n<p>mutta kooltaan eritt\u00e4in monik\u00e4ytt\u00f6inen. Soveltuu k\u00e4ytett\u00e4v\u00e4ksi vy\u00f6ll\u00e4, kantolaitteessa tai repun lis\u00e4taskuna. <\/p>\n<p>Taskussa on erillinen v\u00e4lisein\u00e4 ja joustavat kiinnikkeet varusteiden j\u00e4rjest\u00e4mist\u00e4 varten.<\/p>\n","protected":false},"excerpt":{"rendered":"<p>Lukittava, kahteen MOLLE-nauhaan kiinnittyv\u00e4 varustepussi. Pienin versio Marrasin yleisk\u00e4ytt\u00f6isist\u00e4 varustepusseista. mutta kooltaan eritt\u00e4in monik\u00e4ytt\u00f6inen. Soveltuu k\u00e4ytett\u00e4v\u00e4ksi vy\u00f6ll\u00e4, kantolaitteessa tai repun lis\u00e4taskuna. Taskussa on erillinen v\u00e4lisein\u00e4 ja joustavat kiinnikkeet varusteiden j\u00e4rjest\u00e4mist\u00e4 varten.<\/p>\n","protected":false},"featured_media":3934,"comment_status":"closed","ping_status":"closed","template":"","meta":{"_acf_changed":false},"product_brand":[],"product_cat":[85,37],"product_tag":[],"class_list":{"0":"post-4324","1":"product","2":"type-product","3":"status-publish","4":"has-post-thumbnail","6":"product_cat-m05","7":"product_cat-taskut-ja-laukut","9":"first","10":"instock","11":"taxable","12":"shipping-taxable","13":"purchasable","14":"product-type-variable","15":"has-default-attributes"},"acf":[],"yoast_head":"<!-- This site is optimized with the Yoast SEO plugin v27.5 - https:\/\/yoast.com\/product\/yoast-seo-wordpress\/ -->\n<title>Varustetasku 2 X 4 - Marras<\/title>\n<meta name=\"robots\" content=\"index, follow, max-snippet:-1, max-image-preview:large, max-video-preview:-1\" \/>\n<link rel=\"canonical\" href=\"https:\/\/marras.ee\/fi\/product\/varustetasku-2-x-4\/\" \/>\n<meta property=\"og:locale\" content=\"fi_FI\" \/>\n<meta property=\"og:type\" content=\"article\" \/>\n<meta property=\"og:title\" content=\"Varustetasku 2 X 4 - Marras\" \/>\n<meta property=\"og:description\" content=\"Lukittava, kahteen MOLLE-nauhaan kiinnittyv\u00e4 varustepussi. Pienin versio Marrasin yleisk\u00e4ytt\u00f6isist\u00e4 varustepusseista. mutta kooltaan eritt\u00e4in monik\u00e4ytt\u00f6inen. Soveltuu k\u00e4ytett\u00e4v\u00e4ksi vy\u00f6ll\u00e4, kantolaitteessa tai repun lis\u00e4taskuna. Taskussa on erillinen v\u00e4lisein\u00e4 ja joustavat kiinnikkeet varusteiden j\u00e4rjest\u00e4mist\u00e4 varten.\" \/>\n<meta property=\"og:url\" content=\"https:\/\/marras.ee\/fi\/product\/varustetasku-2-x-4\/\" \/>\n<meta property=\"og:site_name\" content=\"Marras\" \/>\n<meta property=\"article:modified_time\" content=\"2026-03-11T19:13:37+00:00\" \/>\n<meta property=\"og:image\" content=\"https:\/\/marras.ee\/wp-content\/uploads\/2025\/09\/GPSDIAGONAAL.png\" \/>\n\t<meta property=\"og:image:width\" content=\"1080\" \/>\n\t<meta property=\"og:image:height\" content=\"1350\" \/>\n\t<meta property=\"og:image:type\" content=\"image\/png\" \/>\n<meta name=\"twitter:card\" content=\"summary_large_image\" \/>\n<script type=\"application\/ld+json\" class=\"yoast-schema-graph\">{\"@context\":\"https:\\\/\\\/schema.org\",\"@graph\":[{\"@type\":\"WebPage\",\"@id\":\"https:\\\/\\\/marras.ee\\\/fi\\\/product\\\/varustetasku-2-x-4\\\/\",\"url\":\"https:\\\/\\\/marras.ee\\\/fi\\\/product\\\/varustetasku-2-x-4\\\/\",\"name\":\"Varustetasku 2 X 4 - Marras\",\"isPartOf\":{\"@id\":\"https:\\\/\\\/marras.ee\\\/fi\\\/#website\"},\"primaryImageOfPage\":{\"@id\":\"https:\\\/\\\/marras.ee\\\/fi\\\/product\\\/varustetasku-2-x-4\\\/#primaryimage\"},\"image\":{\"@id\":\"https:\\\/\\\/marras.ee\\\/fi\\\/product\\\/varustetasku-2-x-4\\\/#primaryimage\"},\"thumbnailUrl\":\"https:\\\/\\\/marras.ee\\\/wp-content\\\/uploads\\\/2025\\\/09\\\/GPSDIAGONAAL.png\",\"datePublished\":\"2025-09-22T21:11:49+00:00\",\"dateModified\":\"2026-03-11T19:13:37+00:00\",\"breadcrumb\":{\"@id\":\"https:\\\/\\\/marras.ee\\\/fi\\\/product\\\/varustetasku-2-x-4\\\/#breadcrumb\"},\"inLanguage\":\"fi\",\"potentialAction\":[{\"@type\":\"ReadAction\",\"target\":[\"https:\\\/\\\/marras.ee\\\/fi\\\/product\\\/varustetasku-2-x-4\\\/\"]}]},{\"@type\":\"ImageObject\",\"inLanguage\":\"fi\",\"@id\":\"https:\\\/\\\/marras.ee\\\/fi\\\/product\\\/varustetasku-2-x-4\\\/#primaryimage\",\"url\":\"https:\\\/\\\/marras.ee\\\/wp-content\\\/uploads\\\/2025\\\/09\\\/GPSDIAGONAAL.png\",\"contentUrl\":\"https:\\\/\\\/marras.ee\\\/wp-content\\\/uploads\\\/2025\\\/09\\\/GPSDIAGONAAL.png\",\"width\":1080,\"height\":1350},{\"@type\":\"BreadcrumbList\",\"@id\":\"https:\\\/\\\/marras.ee\\\/fi\\\/product\\\/varustetasku-2-x-4\\\/#breadcrumb\",\"itemListElement\":[{\"@type\":\"ListItem\",\"position\":1,\"name\":\"Home\",\"item\":\"https:\\\/\\\/marras.ee\\\/fi\\\/kotisivu\\\/\"},{\"@type\":\"ListItem\",\"position\":2,\"name\":\"Tuotteet\",\"item\":\"https:\\\/\\\/marras.ee\\\/fi\\\/shop\\\/\"},{\"@type\":\"ListItem\",\"position\":3,\"name\":\"Varustetasku 2 X 4\"}]},{\"@type\":\"WebSite\",\"@id\":\"https:\\\/\\\/marras.ee\\\/fi\\\/#website\",\"url\":\"https:\\\/\\\/marras.ee\\\/fi\\\/\",\"name\":\"Marras\",\"description\":\"\",\"potentialAction\":[{\"@type\":\"SearchAction\",\"target\":{\"@type\":\"EntryPoint\",\"urlTemplate\":\"https:\\\/\\\/marras.ee\\\/fi\\\/?s={search_term_string}\"},\"query-input\":{\"@type\":\"PropertyValueSpecification\",\"valueRequired\":true,\"valueName\":\"search_term_string\"}}],\"inLanguage\":\"fi\"}]}<\/script>\n<!-- \/ Yoast SEO plugin. -->","yoast_head_json":{"title":"Varustetasku 2 X 4 - Marras","robots":{"index":"index","follow":"follow","max-snippet":"max-snippet:-1","max-image-preview":"max-image-preview:large","max-video-preview":"max-video-preview:-1"},"canonical":"https:\/\/marras.ee\/fi\/product\/varustetasku-2-x-4\/","og_locale":"fi_FI","og_type":"article","og_title":"Varustetasku 2 X 4 - Marras","og_description":"Lukittava, kahteen MOLLE-nauhaan kiinnittyv\u00e4 varustepussi. Pienin versio Marrasin yleisk\u00e4ytt\u00f6isist\u00e4 varustepusseista. mutta kooltaan eritt\u00e4in monik\u00e4ytt\u00f6inen. Soveltuu k\u00e4ytett\u00e4v\u00e4ksi vy\u00f6ll\u00e4, kantolaitteessa tai repun lis\u00e4taskuna. Taskussa on erillinen v\u00e4lisein\u00e4 ja joustavat kiinnikkeet varusteiden j\u00e4rjest\u00e4mist\u00e4 varten.","og_url":"https:\/\/marras.ee\/fi\/product\/varustetasku-2-x-4\/","og_site_name":"Marras","article_modified_time":"2026-03-11T19:13:37+00:00","og_image":[{"width":1080,"height":1350,"url":"https:\/\/marras.ee\/wp-content\/uploads\/2025\/09\/GPSDIAGONAAL.png","type":"image\/png"}],"twitter_card":"summary_large_image","schema":{"@context":"https:\/\/schema.org","@graph":[{"@type":"WebPage","@id":"https:\/\/marras.ee\/fi\/product\/varustetasku-2-x-4\/","url":"https:\/\/marras.ee\/fi\/product\/varustetasku-2-x-4\/","name":"Varustetasku 2 X 4 - Marras","isPartOf":{"@id":"https:\/\/marras.ee\/fi\/#website"},"primaryImageOfPage":{"@id":"https:\/\/marras.ee\/fi\/product\/varustetasku-2-x-4\/#primaryimage"},"image":{"@id":"https:\/\/marras.ee\/fi\/product\/varustetasku-2-x-4\/#primaryimage"},"thumbnailUrl":"https:\/\/marras.ee\/wp-content\/uploads\/2025\/09\/GPSDIAGONAAL.png","datePublished":"2025-09-22T21:11:49+00:00","dateModified":"2026-03-11T19:13:37+00:00","breadcrumb":{"@id":"https:\/\/marras.ee\/fi\/product\/varustetasku-2-x-4\/#breadcrumb"},"inLanguage":"fi","potentialAction":[{"@type":"ReadAction","target":["https:\/\/marras.ee\/fi\/product\/varustetasku-2-x-4\/"]}]},{"@type":"ImageObject","inLanguage":"fi","@id":"https:\/\/marras.ee\/fi\/product\/varustetasku-2-x-4\/#primaryimage","url":"https:\/\/marras.ee\/wp-content\/uploads\/2025\/09\/GPSDIAGONAAL.png","contentUrl":"https:\/\/marras.ee\/wp-content\/uploads\/2025\/09\/GPSDIAGONAAL.png","width":1080,"height":1350},{"@type":"BreadcrumbList","@id":"https:\/\/marras.ee\/fi\/product\/varustetasku-2-x-4\/#breadcrumb","itemListElement":[{"@type":"ListItem","position":1,"name":"Home","item":"https:\/\/marras.ee\/fi\/kotisivu\/"},{"@type":"ListItem","position":2,"name":"Tuotteet","item":"https:\/\/marras.ee\/fi\/shop\/"},{"@type":"ListItem","position":3,"name":"Varustetasku 2 X 4"}]},{"@type":"WebSite","@id":"https:\/\/marras.ee\/fi\/#website","url":"https:\/\/marras.ee\/fi\/","name":"Marras","description":"","potentialAction":[{"@type":"SearchAction","target":{"@type":"EntryPoint","urlTemplate":"https:\/\/marras.ee\/fi\/?s={search_term_string}"},"query-input":{"@type":"PropertyValueSpecification","valueRequired":true,"valueName":"search_term_string"}}],"inLanguage":"fi"}]}},"_links":{"self":[{"href":"https:\/\/marras.ee\/fi\/wp-json\/wp\/v2\/product\/4324","targetHints":{"allow":["GET"]}}],"collection":[{"href":"https:\/\/marras.ee\/fi\/wp-json\/wp\/v2\/product"}],"about":[{"href":"https:\/\/marras.ee\/fi\/wp-json\/wp\/v2\/types\/product"}],"replies":[{"embeddable":true,"href":"https:\/\/marras.ee\/fi\/wp-json\/wp\/v2\/comments?post=4324"}],"wp:featuredmedia":[{"embeddable":true,"href":"https:\/\/marras.ee\/fi\/wp-json\/wp\/v2\/media\/3934"}],"wp:attachment":[{"href":"https:\/\/marras.ee\/fi\/wp-json\/wp\/v2\/media?parent=4324"}],"wp:term":[{"taxonomy":"product_brand","embeddable":true,"href":"https:\/\/marras.ee\/fi\/wp-json\/wp\/v2\/product_brand?post=4324"},{"taxonomy":"product_cat","embeddable":true,"href":"https:\/\/marras.ee\/fi\/wp-json\/wp\/v2\/product_cat?post=4324"},{"taxonomy":"product_tag","embeddable":true,"href":"https:\/\/marras.ee\/fi\/wp-json\/wp\/v2\/product_tag?post=4324"}],"curies":[{"name":"wp","href":"https:\/\/api.w.org\/{rel}","templated":true}]}}