{"id":4541,"date":"2025-02-26T00:01:19","date_gmt":"2025-02-25T22:01:19","guid":{"rendered":"https:\/\/marras.ee\/product\/medimand-pocket-ifak-tasku\/"},"modified":"2026-03-29T22:08:28","modified_gmt":"2026-03-29T20:08:28","slug":"medimand-pocket-ifak-tasku","status":"publish","type":"product","link":"https:\/\/marras.ee\/fi\/product\/medimand-pocket-ifak-tasku\/","title":{"rendered":"MEDIMAND POCKET (IFAK-tasku)"},"content":{"rendered":"<p><span style=\"font-weight: 400;\">Medimand-taskuun, joka voidaan vet\u00e4\u00e4 ulos kummaltakin puolelta, mahtuu kaikki, mit\u00e4 yksin\u00e4inen taistelija tarvitsee pelastaakseen ihmishenki\u00e4 taktisessa tilanteessa. Ulosvedett\u00e4v\u00e4n taskun erilaiset kumipussit on suunniteltu pit\u00e4m\u00e4\u00e4n sis\u00e4ll\u00e4\u00e4n erityiset varusteet, joita yksin\u00e4inen susi tarvitsee TCCC-tilanteessa.   <\/span><\/p>\n","protected":false},"excerpt":{"rendered":"<p>Medimand-taskuun, joka voidaan vet\u00e4\u00e4 ulos kummaltakin puolelta, mahtuu kaikki, mit\u00e4 yksin\u00e4inen taistelija tarvitsee pelastaakseen ihmishenki\u00e4 taktisessa tilanteessa. Ulosvedett\u00e4v\u00e4n taskun erilaiset kumipussit on suunniteltu pit\u00e4m\u00e4\u00e4n sis\u00e4ll\u00e4\u00e4n erityiset varusteet, joita yksin\u00e4inen susi tarvitsee TCCC-tilanteessa.<\/p>\n","protected":false},"featured_media":1669,"comment_status":"closed","ping_status":"closed","template":"","meta":{"_acf_changed":false},"product_brand":[],"product_cat":[40,85,37],"product_tag":[],"class_list":{"0":"post-4541","1":"product","2":"type-product","3":"status-publish","4":"has-post-thumbnail","6":"product_cat-laakinnalliset-laitteet","7":"product_cat-m05","8":"product_cat-taskut-ja-laukut","10":"first","11":"instock","12":"taxable","13":"shipping-taxable","14":"purchasable","15":"product-type-variable","16":"has-default-attributes"},"acf":[],"yoast_head":"<!-- This site is optimized with the Yoast SEO plugin v27.3 - https:\/\/yoast.com\/product\/yoast-seo-wordpress\/ -->\n<title>MEDIMAND POCKET (IFAK-tasku) - Marras<\/title>\n<meta name=\"robots\" content=\"index, follow, max-snippet:-1, max-image-preview:large, max-video-preview:-1\" \/>\n<link rel=\"canonical\" href=\"https:\/\/marras.ee\/fi\/product\/medimand-pocket-ifak-tasku\/\" \/>\n<meta property=\"og:locale\" content=\"fi_FI\" \/>\n<meta property=\"og:type\" content=\"article\" \/>\n<meta property=\"og:title\" content=\"MEDIMAND POCKET (IFAK-tasku) - Marras\" \/>\n<meta property=\"og:description\" content=\"Medimand-taskuun, joka voidaan vet\u00e4\u00e4 ulos kummaltakin puolelta, mahtuu kaikki, mit\u00e4 yksin\u00e4inen taistelija tarvitsee pelastaakseen ihmishenki\u00e4 taktisessa tilanteessa. Ulosvedett\u00e4v\u00e4n taskun erilaiset kumipussit on suunniteltu pit\u00e4m\u00e4\u00e4n sis\u00e4ll\u00e4\u00e4n erityiset varusteet, joita yksin\u00e4inen susi tarvitsee TCCC-tilanteessa.\" \/>\n<meta property=\"og:url\" content=\"https:\/\/marras.ee\/fi\/product\/medimand-pocket-ifak-tasku\/\" \/>\n<meta property=\"og:site_name\" content=\"Marras\" \/>\n<meta property=\"article:modified_time\" content=\"2026-03-29T20:08:28+00:00\" \/>\n<meta property=\"og:image\" content=\"https:\/\/marras.ee\/wp-content\/uploads\/2024\/10\/IFAKPAREMALT.png\" \/>\n\t<meta property=\"og:image:width\" content=\"1080\" \/>\n\t<meta property=\"og:image:height\" content=\"1080\" \/>\n\t<meta property=\"og:image:type\" content=\"image\/png\" \/>\n<meta name=\"twitter:card\" content=\"summary_large_image\" \/>\n<script type=\"application\/ld+json\" class=\"yoast-schema-graph\">{\"@context\":\"https:\\\/\\\/schema.org\",\"@graph\":[{\"@type\":\"WebPage\",\"@id\":\"https:\\\/\\\/marras.ee\\\/fi\\\/product\\\/medimand-pocket-ifak-tasku\\\/\",\"url\":\"https:\\\/\\\/marras.ee\\\/fi\\\/product\\\/medimand-pocket-ifak-tasku\\\/\",\"name\":\"MEDIMAND POCKET (IFAK-tasku) - Marras\",\"isPartOf\":{\"@id\":\"https:\\\/\\\/marras.ee\\\/fi\\\/#website\"},\"primaryImageOfPage\":{\"@id\":\"https:\\\/\\\/marras.ee\\\/fi\\\/product\\\/medimand-pocket-ifak-tasku\\\/#primaryimage\"},\"image\":{\"@id\":\"https:\\\/\\\/marras.ee\\\/fi\\\/product\\\/medimand-pocket-ifak-tasku\\\/#primaryimage\"},\"thumbnailUrl\":\"https:\\\/\\\/marras.ee\\\/wp-content\\\/uploads\\\/2024\\\/10\\\/IFAKPAREMALT.png\",\"datePublished\":\"2025-02-25T22:01:19+00:00\",\"dateModified\":\"2026-03-29T20:08:28+00:00\",\"breadcrumb\":{\"@id\":\"https:\\\/\\\/marras.ee\\\/fi\\\/product\\\/medimand-pocket-ifak-tasku\\\/#breadcrumb\"},\"inLanguage\":\"fi\",\"potentialAction\":[{\"@type\":\"ReadAction\",\"target\":[\"https:\\\/\\\/marras.ee\\\/fi\\\/product\\\/medimand-pocket-ifak-tasku\\\/\"]}]},{\"@type\":\"ImageObject\",\"inLanguage\":\"fi\",\"@id\":\"https:\\\/\\\/marras.ee\\\/fi\\\/product\\\/medimand-pocket-ifak-tasku\\\/#primaryimage\",\"url\":\"https:\\\/\\\/marras.ee\\\/wp-content\\\/uploads\\\/2024\\\/10\\\/IFAKPAREMALT.png\",\"contentUrl\":\"https:\\\/\\\/marras.ee\\\/wp-content\\\/uploads\\\/2024\\\/10\\\/IFAKPAREMALT.png\",\"width\":1080,\"height\":1080},{\"@type\":\"BreadcrumbList\",\"@id\":\"https:\\\/\\\/marras.ee\\\/fi\\\/product\\\/medimand-pocket-ifak-tasku\\\/#breadcrumb\",\"itemListElement\":[{\"@type\":\"ListItem\",\"position\":1,\"name\":\"Home\",\"item\":\"https:\\\/\\\/marras.ee\\\/fi\\\/kotisivu\\\/\"},{\"@type\":\"ListItem\",\"position\":2,\"name\":\"Tuotteet\",\"item\":\"https:\\\/\\\/marras.ee\\\/fi\\\/shop\\\/\"},{\"@type\":\"ListItem\",\"position\":3,\"name\":\"MEDIMAND POCKET (IFAK-tasku)\"}]},{\"@type\":\"WebSite\",\"@id\":\"https:\\\/\\\/marras.ee\\\/fi\\\/#website\",\"url\":\"https:\\\/\\\/marras.ee\\\/fi\\\/\",\"name\":\"Marras\",\"description\":\"\",\"potentialAction\":[{\"@type\":\"SearchAction\",\"target\":{\"@type\":\"EntryPoint\",\"urlTemplate\":\"https:\\\/\\\/marras.ee\\\/fi\\\/?s={search_term_string}\"},\"query-input\":{\"@type\":\"PropertyValueSpecification\",\"valueRequired\":true,\"valueName\":\"search_term_string\"}}],\"inLanguage\":\"fi\"}]}<\/script>\n<!-- \/ Yoast SEO plugin. -->","yoast_head_json":{"title":"MEDIMAND POCKET (IFAK-tasku) - Marras","robots":{"index":"index","follow":"follow","max-snippet":"max-snippet:-1","max-image-preview":"max-image-preview:large","max-video-preview":"max-video-preview:-1"},"canonical":"https:\/\/marras.ee\/fi\/product\/medimand-pocket-ifak-tasku\/","og_locale":"fi_FI","og_type":"article","og_title":"MEDIMAND POCKET (IFAK-tasku) - Marras","og_description":"Medimand-taskuun, joka voidaan vet\u00e4\u00e4 ulos kummaltakin puolelta, mahtuu kaikki, mit\u00e4 yksin\u00e4inen taistelija tarvitsee pelastaakseen ihmishenki\u00e4 taktisessa tilanteessa. Ulosvedett\u00e4v\u00e4n taskun erilaiset kumipussit on suunniteltu pit\u00e4m\u00e4\u00e4n sis\u00e4ll\u00e4\u00e4n erityiset varusteet, joita yksin\u00e4inen susi tarvitsee TCCC-tilanteessa.","og_url":"https:\/\/marras.ee\/fi\/product\/medimand-pocket-ifak-tasku\/","og_site_name":"Marras","article_modified_time":"2026-03-29T20:08:28+00:00","og_image":[{"width":1080,"height":1080,"url":"https:\/\/marras.ee\/wp-content\/uploads\/2024\/10\/IFAKPAREMALT.png","type":"image\/png"}],"twitter_card":"summary_large_image","schema":{"@context":"https:\/\/schema.org","@graph":[{"@type":"WebPage","@id":"https:\/\/marras.ee\/fi\/product\/medimand-pocket-ifak-tasku\/","url":"https:\/\/marras.ee\/fi\/product\/medimand-pocket-ifak-tasku\/","name":"MEDIMAND POCKET (IFAK-tasku) - Marras","isPartOf":{"@id":"https:\/\/marras.ee\/fi\/#website"},"primaryImageOfPage":{"@id":"https:\/\/marras.ee\/fi\/product\/medimand-pocket-ifak-tasku\/#primaryimage"},"image":{"@id":"https:\/\/marras.ee\/fi\/product\/medimand-pocket-ifak-tasku\/#primaryimage"},"thumbnailUrl":"https:\/\/marras.ee\/wp-content\/uploads\/2024\/10\/IFAKPAREMALT.png","datePublished":"2025-02-25T22:01:19+00:00","dateModified":"2026-03-29T20:08:28+00:00","breadcrumb":{"@id":"https:\/\/marras.ee\/fi\/product\/medimand-pocket-ifak-tasku\/#breadcrumb"},"inLanguage":"fi","potentialAction":[{"@type":"ReadAction","target":["https:\/\/marras.ee\/fi\/product\/medimand-pocket-ifak-tasku\/"]}]},{"@type":"ImageObject","inLanguage":"fi","@id":"https:\/\/marras.ee\/fi\/product\/medimand-pocket-ifak-tasku\/#primaryimage","url":"https:\/\/marras.ee\/wp-content\/uploads\/2024\/10\/IFAKPAREMALT.png","contentUrl":"https:\/\/marras.ee\/wp-content\/uploads\/2024\/10\/IFAKPAREMALT.png","width":1080,"height":1080},{"@type":"BreadcrumbList","@id":"https:\/\/marras.ee\/fi\/product\/medimand-pocket-ifak-tasku\/#breadcrumb","itemListElement":[{"@type":"ListItem","position":1,"name":"Home","item":"https:\/\/marras.ee\/fi\/kotisivu\/"},{"@type":"ListItem","position":2,"name":"Tuotteet","item":"https:\/\/marras.ee\/fi\/shop\/"},{"@type":"ListItem","position":3,"name":"MEDIMAND POCKET (IFAK-tasku)"}]},{"@type":"WebSite","@id":"https:\/\/marras.ee\/fi\/#website","url":"https:\/\/marras.ee\/fi\/","name":"Marras","description":"","potentialAction":[{"@type":"SearchAction","target":{"@type":"EntryPoint","urlTemplate":"https:\/\/marras.ee\/fi\/?s={search_term_string}"},"query-input":{"@type":"PropertyValueSpecification","valueRequired":true,"valueName":"search_term_string"}}],"inLanguage":"fi"}]}},"_links":{"self":[{"href":"https:\/\/marras.ee\/fi\/wp-json\/wp\/v2\/product\/4541","targetHints":{"allow":["GET"]}}],"collection":[{"href":"https:\/\/marras.ee\/fi\/wp-json\/wp\/v2\/product"}],"about":[{"href":"https:\/\/marras.ee\/fi\/wp-json\/wp\/v2\/types\/product"}],"replies":[{"embeddable":true,"href":"https:\/\/marras.ee\/fi\/wp-json\/wp\/v2\/comments?post=4541"}],"wp:featuredmedia":[{"embeddable":true,"href":"https:\/\/marras.ee\/fi\/wp-json\/wp\/v2\/media\/1669"}],"wp:attachment":[{"href":"https:\/\/marras.ee\/fi\/wp-json\/wp\/v2\/media?parent=4541"}],"wp:term":[{"taxonomy":"product_brand","embeddable":true,"href":"https:\/\/marras.ee\/fi\/wp-json\/wp\/v2\/product_brand?post=4541"},{"taxonomy":"product_cat","embeddable":true,"href":"https:\/\/marras.ee\/fi\/wp-json\/wp\/v2\/product_cat?post=4541"},{"taxonomy":"product_tag","embeddable":true,"href":"https:\/\/marras.ee\/fi\/wp-json\/wp\/v2\/product_tag?post=4541"}],"curies":[{"name":"wp","href":"https:\/\/api.w.org\/{rel}","templated":true}]}}