{"id":4545,"date":"2025-07-04T17:04:24","date_gmt":"2025-07-04T15:04:24","guid":{"rendered":"https:\/\/marras.ee\/product\/rihmik-1-kasivarsien-hihna\/"},"modified":"2026-03-11T21:13:46","modified_gmt":"2026-03-11T19:13:46","slug":"rihmik-1-kasivarsien-hihna","status":"publish","type":"product","link":"https:\/\/marras.ee\/fi\/product\/rihmik-1-kasivarsien-hihna\/","title":{"rendered":"RIHMIK \u2013 2-pisteen kiv\u00e4\u00e4rihihna"},"content":{"rendered":"<p>Mukava ja tukeva kiv\u00e4\u00e4rihihna pikas\u00e4\u00e4timell\u00e4. Kevyt pehmuste jakaa painon tasaisesti ja parantaa k\u00e4ytt\u00f6mukavuutta.<br \/>Hihnan rakenne mahdollistaa pituuden s\u00e4\u00e4t\u00e4misen k\u00e4ytt\u00e4j\u00e4lle sopivaksi.  <\/p>\n","protected":false},"excerpt":{"rendered":"<p>Mukava ja tukeva kiv\u00e4\u00e4rihihna pikas\u00e4\u00e4timell\u00e4. Kevyt pehmuste jakaa painon tasaisesti ja parantaa k\u00e4ytt\u00f6mukavuutta.Hihnan rakenne mahdollistaa pituuden s\u00e4\u00e4t\u00e4misen k\u00e4ytt\u00e4j\u00e4lle sopivaksi.<\/p>\n","protected":false},"featured_media":5922,"comment_status":"closed","ping_status":"closed","template":"","meta":{"_acf_changed":false},"product_brand":[],"product_cat":[42,37],"product_tag":[],"class_list":{"0":"post-4545","1":"product","2":"type-product","3":"status-publish","4":"has-post-thumbnail","6":"product_cat-laskeutumisjarjestelmat","7":"product_cat-taskut-ja-laukut","9":"first","10":"instock","11":"sale","12":"taxable","13":"shipping-taxable","14":"purchasable","15":"product-type-variable","16":"has-default-attributes"},"acf":[],"yoast_head":"<!-- This site is optimized with the Yoast SEO plugin v27.3 - https:\/\/yoast.com\/product\/yoast-seo-wordpress\/ -->\n<title>RIHMIK \u2013 2-pisteen kiv\u00e4\u00e4rihihna - Marras<\/title>\n<meta name=\"robots\" content=\"index, follow, max-snippet:-1, max-image-preview:large, max-video-preview:-1\" \/>\n<link rel=\"canonical\" href=\"https:\/\/marras.ee\/fi\/product\/rihmik-1-kasivarsien-hihna\/\" \/>\n<meta property=\"og:locale\" content=\"fi_FI\" \/>\n<meta property=\"og:type\" content=\"article\" \/>\n<meta property=\"og:title\" content=\"RIHMIK \u2013 2-pisteen kiv\u00e4\u00e4rihihna - Marras\" \/>\n<meta property=\"og:description\" content=\"Mukava ja tukeva kiv\u00e4\u00e4rihihna pikas\u00e4\u00e4timell\u00e4. Kevyt pehmuste jakaa painon tasaisesti ja parantaa k\u00e4ytt\u00f6mukavuutta.Hihnan rakenne mahdollistaa pituuden s\u00e4\u00e4t\u00e4misen k\u00e4ytt\u00e4j\u00e4lle sopivaksi.\" \/>\n<meta property=\"og:url\" content=\"https:\/\/marras.ee\/fi\/product\/rihmik-1-kasivarsien-hihna\/\" \/>\n<meta property=\"og:site_name\" content=\"Marras\" \/>\n<meta property=\"article:modified_time\" content=\"2026-03-11T19:13:46+00:00\" \/>\n<meta property=\"og:image\" content=\"https:\/\/marras.ee\/wp-content\/uploads\/2025\/07\/17.png\" \/>\n\t<meta property=\"og:image:width\" content=\"1080\" \/>\n\t<meta property=\"og:image:height\" content=\"1080\" \/>\n\t<meta property=\"og:image:type\" content=\"image\/png\" \/>\n<meta name=\"twitter:card\" content=\"summary_large_image\" \/>\n<script type=\"application\/ld+json\" class=\"yoast-schema-graph\">{\"@context\":\"https:\\\/\\\/schema.org\",\"@graph\":[{\"@type\":\"WebPage\",\"@id\":\"https:\\\/\\\/marras.ee\\\/fi\\\/product\\\/rihmik-1-kasivarsien-hihna\\\/\",\"url\":\"https:\\\/\\\/marras.ee\\\/fi\\\/product\\\/rihmik-1-kasivarsien-hihna\\\/\",\"name\":\"RIHMIK \u2013 2-pisteen kiv\u00e4\u00e4rihihna - Marras\",\"isPartOf\":{\"@id\":\"https:\\\/\\\/marras.ee\\\/fi\\\/#website\"},\"primaryImageOfPage\":{\"@id\":\"https:\\\/\\\/marras.ee\\\/fi\\\/product\\\/rihmik-1-kasivarsien-hihna\\\/#primaryimage\"},\"image\":{\"@id\":\"https:\\\/\\\/marras.ee\\\/fi\\\/product\\\/rihmik-1-kasivarsien-hihna\\\/#primaryimage\"},\"thumbnailUrl\":\"https:\\\/\\\/marras.ee\\\/wp-content\\\/uploads\\\/2025\\\/07\\\/29-1.png\",\"datePublished\":\"2025-07-04T15:04:24+00:00\",\"dateModified\":\"2026-03-11T19:13:46+00:00\",\"breadcrumb\":{\"@id\":\"https:\\\/\\\/marras.ee\\\/fi\\\/product\\\/rihmik-1-kasivarsien-hihna\\\/#breadcrumb\"},\"inLanguage\":\"fi\",\"potentialAction\":[{\"@type\":\"ReadAction\",\"target\":[\"https:\\\/\\\/marras.ee\\\/fi\\\/product\\\/rihmik-1-kasivarsien-hihna\\\/\"]}]},{\"@type\":\"ImageObject\",\"inLanguage\":\"fi\",\"@id\":\"https:\\\/\\\/marras.ee\\\/fi\\\/product\\\/rihmik-1-kasivarsien-hihna\\\/#primaryimage\",\"url\":\"https:\\\/\\\/marras.ee\\\/wp-content\\\/uploads\\\/2025\\\/07\\\/29-1.png\",\"contentUrl\":\"https:\\\/\\\/marras.ee\\\/wp-content\\\/uploads\\\/2025\\\/07\\\/29-1.png\",\"width\":1080,\"height\":1080},{\"@type\":\"BreadcrumbList\",\"@id\":\"https:\\\/\\\/marras.ee\\\/fi\\\/product\\\/rihmik-1-kasivarsien-hihna\\\/#breadcrumb\",\"itemListElement\":[{\"@type\":\"ListItem\",\"position\":1,\"name\":\"Home\",\"item\":\"https:\\\/\\\/marras.ee\\\/fi\\\/kotisivu\\\/\"},{\"@type\":\"ListItem\",\"position\":2,\"name\":\"Tuotteet\",\"item\":\"https:\\\/\\\/marras.ee\\\/fi\\\/shop\\\/\"},{\"@type\":\"ListItem\",\"position\":3,\"name\":\"RIHMIK \u2013 2-pisteen kiv\u00e4\u00e4rihihna\"}]},{\"@type\":\"WebSite\",\"@id\":\"https:\\\/\\\/marras.ee\\\/fi\\\/#website\",\"url\":\"https:\\\/\\\/marras.ee\\\/fi\\\/\",\"name\":\"Marras\",\"description\":\"\",\"potentialAction\":[{\"@type\":\"SearchAction\",\"target\":{\"@type\":\"EntryPoint\",\"urlTemplate\":\"https:\\\/\\\/marras.ee\\\/fi\\\/?s={search_term_string}\"},\"query-input\":{\"@type\":\"PropertyValueSpecification\",\"valueRequired\":true,\"valueName\":\"search_term_string\"}}],\"inLanguage\":\"fi\"}]}<\/script>\n<!-- \/ Yoast SEO plugin. -->","yoast_head_json":{"title":"RIHMIK \u2013 2-pisteen kiv\u00e4\u00e4rihihna - Marras","robots":{"index":"index","follow":"follow","max-snippet":"max-snippet:-1","max-image-preview":"max-image-preview:large","max-video-preview":"max-video-preview:-1"},"canonical":"https:\/\/marras.ee\/fi\/product\/rihmik-1-kasivarsien-hihna\/","og_locale":"fi_FI","og_type":"article","og_title":"RIHMIK \u2013 2-pisteen kiv\u00e4\u00e4rihihna - Marras","og_description":"Mukava ja tukeva kiv\u00e4\u00e4rihihna pikas\u00e4\u00e4timell\u00e4. Kevyt pehmuste jakaa painon tasaisesti ja parantaa k\u00e4ytt\u00f6mukavuutta.Hihnan rakenne mahdollistaa pituuden s\u00e4\u00e4t\u00e4misen k\u00e4ytt\u00e4j\u00e4lle sopivaksi.","og_url":"https:\/\/marras.ee\/fi\/product\/rihmik-1-kasivarsien-hihna\/","og_site_name":"Marras","article_modified_time":"2026-03-11T19:13:46+00:00","og_image":[{"width":1080,"height":1080,"url":"https:\/\/marras.ee\/wp-content\/uploads\/2025\/07\/17.png","type":"image\/png"}],"twitter_card":"summary_large_image","schema":{"@context":"https:\/\/schema.org","@graph":[{"@type":"WebPage","@id":"https:\/\/marras.ee\/fi\/product\/rihmik-1-kasivarsien-hihna\/","url":"https:\/\/marras.ee\/fi\/product\/rihmik-1-kasivarsien-hihna\/","name":"RIHMIK \u2013 2-pisteen kiv\u00e4\u00e4rihihna - Marras","isPartOf":{"@id":"https:\/\/marras.ee\/fi\/#website"},"primaryImageOfPage":{"@id":"https:\/\/marras.ee\/fi\/product\/rihmik-1-kasivarsien-hihna\/#primaryimage"},"image":{"@id":"https:\/\/marras.ee\/fi\/product\/rihmik-1-kasivarsien-hihna\/#primaryimage"},"thumbnailUrl":"https:\/\/marras.ee\/wp-content\/uploads\/2025\/07\/29-1.png","datePublished":"2025-07-04T15:04:24+00:00","dateModified":"2026-03-11T19:13:46+00:00","breadcrumb":{"@id":"https:\/\/marras.ee\/fi\/product\/rihmik-1-kasivarsien-hihna\/#breadcrumb"},"inLanguage":"fi","potentialAction":[{"@type":"ReadAction","target":["https:\/\/marras.ee\/fi\/product\/rihmik-1-kasivarsien-hihna\/"]}]},{"@type":"ImageObject","inLanguage":"fi","@id":"https:\/\/marras.ee\/fi\/product\/rihmik-1-kasivarsien-hihna\/#primaryimage","url":"https:\/\/marras.ee\/wp-content\/uploads\/2025\/07\/29-1.png","contentUrl":"https:\/\/marras.ee\/wp-content\/uploads\/2025\/07\/29-1.png","width":1080,"height":1080},{"@type":"BreadcrumbList","@id":"https:\/\/marras.ee\/fi\/product\/rihmik-1-kasivarsien-hihna\/#breadcrumb","itemListElement":[{"@type":"ListItem","position":1,"name":"Home","item":"https:\/\/marras.ee\/fi\/kotisivu\/"},{"@type":"ListItem","position":2,"name":"Tuotteet","item":"https:\/\/marras.ee\/fi\/shop\/"},{"@type":"ListItem","position":3,"name":"RIHMIK \u2013 2-pisteen kiv\u00e4\u00e4rihihna"}]},{"@type":"WebSite","@id":"https:\/\/marras.ee\/fi\/#website","url":"https:\/\/marras.ee\/fi\/","name":"Marras","description":"","potentialAction":[{"@type":"SearchAction","target":{"@type":"EntryPoint","urlTemplate":"https:\/\/marras.ee\/fi\/?s={search_term_string}"},"query-input":{"@type":"PropertyValueSpecification","valueRequired":true,"valueName":"search_term_string"}}],"inLanguage":"fi"}]}},"_links":{"self":[{"href":"https:\/\/marras.ee\/fi\/wp-json\/wp\/v2\/product\/4545","targetHints":{"allow":["GET"]}}],"collection":[{"href":"https:\/\/marras.ee\/fi\/wp-json\/wp\/v2\/product"}],"about":[{"href":"https:\/\/marras.ee\/fi\/wp-json\/wp\/v2\/types\/product"}],"replies":[{"embeddable":true,"href":"https:\/\/marras.ee\/fi\/wp-json\/wp\/v2\/comments?post=4545"}],"wp:featuredmedia":[{"embeddable":true,"href":"https:\/\/marras.ee\/fi\/wp-json\/wp\/v2\/media\/5922"}],"wp:attachment":[{"href":"https:\/\/marras.ee\/fi\/wp-json\/wp\/v2\/media?parent=4545"}],"wp:term":[{"taxonomy":"product_brand","embeddable":true,"href":"https:\/\/marras.ee\/fi\/wp-json\/wp\/v2\/product_brand?post=4545"},{"taxonomy":"product_cat","embeddable":true,"href":"https:\/\/marras.ee\/fi\/wp-json\/wp\/v2\/product_cat?post=4545"},{"taxonomy":"product_tag","embeddable":true,"href":"https:\/\/marras.ee\/fi\/wp-json\/wp\/v2\/product_tag?post=4545"}],"curies":[{"name":"wp","href":"https:\/\/api.w.org\/{rel}","templated":true}]}}