{"id":6329,"date":"2026-05-08T12:02:33","date_gmt":"2026-05-08T10:02:33","guid":{"rendered":"https:\/\/marras.ee\/product\/muistikirjan-kirjekuori\/"},"modified":"2026-05-08T12:11:55","modified_gmt":"2026-05-08T10:11:55","slug":"muistikirjan-kirjekuori","status":"publish","type":"product","link":"https:\/\/marras.ee\/fi\/product\/muistikirjan-kirjekuori\/","title":{"rendered":"Muistikirjan kirjekuori"},"content":{"rendered":"<p data-start=\"0\" data-end=\"204\">Muistikirjan suojus niille, joiden parhaat ideat syntyv\u00e4t sateessa, mets\u00e4ss\u00e4 tai strategiapalaverissa.<br data-start=\"99\" data-end=\"102\">Pit\u00e4\u00e4 muistikirjasi suojassa, kyn\u00e4n k\u00e4den ulottuvilla ja salaiset suunnitelmasi edes hieman j\u00e4rjestyksess\u00e4.<\/p>\n<p data-start=\"206\" data-end=\"294\" data-is-last-node=\"\" data-is-only-node=\"\">Sopii t\u00e4rkeille muistiinpanoille, ostoslistoille ja maailman pelastussuunnitelmille. \ud83e\udee1<\/p>\n<p data-start=\"206\" data-end=\"294\" data-is-last-node=\"\" data-is-only-node=\"\">Suunniteltu kantamaan 7,5 x 13 cm:n muistikirjoja (Rite in the Rain).<\/p>\n<p data-start=\"206\" data-end=\"294\" data-is-last-node=\"\" data-is-only-node=\"\">\n","protected":false},"excerpt":{"rendered":"<p>Muistikirjan suojus niille, joiden parhaat ideat syntyv\u00e4t sateessa, mets\u00e4ss\u00e4 tai strategiapalaverissa.Pit\u00e4\u00e4 muistikirjasi suojassa, kyn\u00e4n k\u00e4den ulottuvilla ja salaiset suunnitelmasi edes hieman j\u00e4rjestyksess\u00e4. Sopii t\u00e4rkeille muistiinpanoille, ostoslistoille ja maailman pelastussuunnitelmille. \ud83e\udee1 Suunniteltu kantamaan 7,5 x 13 cm:n muistikirjoja (Rite in the Rain).<\/p>\n","protected":false},"featured_media":6319,"comment_status":"closed","ping_status":"closed","template":"","meta":{"_acf_changed":false},"product_brand":[],"product_cat":[37],"product_tag":[],"class_list":{"0":"post-6329","1":"product","2":"type-product","3":"status-publish","4":"has-post-thumbnail","6":"product_cat-taskut-ja-laukut","8":"first","9":"instock","10":"taxable","11":"shipping-taxable","12":"purchasable","13":"product-type-simple"},"acf":[],"yoast_head":"<!-- This site is optimized with the Yoast SEO plugin v27.5 - https:\/\/yoast.com\/product\/yoast-seo-wordpress\/ -->\n<title>Muistikirjan kirjekuori - Marras<\/title>\n<meta name=\"robots\" content=\"index, follow, max-snippet:-1, max-image-preview:large, max-video-preview:-1\" \/>\n<link rel=\"canonical\" href=\"https:\/\/marras.ee\/fi\/product\/muistikirjan-kirjekuori\/\" \/>\n<meta property=\"og:locale\" content=\"fi_FI\" \/>\n<meta property=\"og:type\" content=\"article\" \/>\n<meta property=\"og:title\" content=\"Muistikirjan kirjekuori - Marras\" \/>\n<meta property=\"og:description\" content=\"Muistikirjan suojus niille, joiden parhaat ideat syntyv\u00e4t sateessa, mets\u00e4ss\u00e4 tai strategiapalaverissa.Pit\u00e4\u00e4 muistikirjasi suojassa, kyn\u00e4n k\u00e4den ulottuvilla ja salaiset suunnitelmasi edes hieman j\u00e4rjestyksess\u00e4. Sopii t\u00e4rkeille muistiinpanoille, ostoslistoille ja maailman pelastussuunnitelmille. \ud83e\udee1 Suunniteltu kantamaan 7,5 x 13 cm:n muistikirjoja (Rite in the Rain).\" \/>\n<meta property=\"og:url\" content=\"https:\/\/marras.ee\/fi\/product\/muistikirjan-kirjekuori\/\" \/>\n<meta property=\"og:site_name\" content=\"Marras\" \/>\n<meta property=\"article:modified_time\" content=\"2026-05-08T10:11:55+00:00\" \/>\n<meta property=\"og:image\" content=\"https:\/\/marras.ee\/wp-content\/uploads\/2026\/05\/13-1.png\" \/>\n\t<meta property=\"og:image:width\" content=\"1080\" \/>\n\t<meta property=\"og:image:height\" content=\"1080\" \/>\n\t<meta property=\"og:image:type\" content=\"image\/png\" \/>\n<meta name=\"twitter:card\" content=\"summary_large_image\" \/>\n<script type=\"application\/ld+json\" class=\"yoast-schema-graph\">{\"@context\":\"https:\\\/\\\/schema.org\",\"@graph\":[{\"@type\":\"WebPage\",\"@id\":\"https:\\\/\\\/marras.ee\\\/fi\\\/product\\\/muistikirjan-kirjekuori\\\/\",\"url\":\"https:\\\/\\\/marras.ee\\\/fi\\\/product\\\/muistikirjan-kirjekuori\\\/\",\"name\":\"Muistikirjan kirjekuori - Marras\",\"isPartOf\":{\"@id\":\"https:\\\/\\\/marras.ee\\\/fi\\\/#website\"},\"primaryImageOfPage\":{\"@id\":\"https:\\\/\\\/marras.ee\\\/fi\\\/product\\\/muistikirjan-kirjekuori\\\/#primaryimage\"},\"image\":{\"@id\":\"https:\\\/\\\/marras.ee\\\/fi\\\/product\\\/muistikirjan-kirjekuori\\\/#primaryimage\"},\"thumbnailUrl\":\"https:\\\/\\\/marras.ee\\\/wp-content\\\/uploads\\\/2026\\\/05\\\/13-1.png\",\"datePublished\":\"2026-05-08T10:02:33+00:00\",\"dateModified\":\"2026-05-08T10:11:55+00:00\",\"breadcrumb\":{\"@id\":\"https:\\\/\\\/marras.ee\\\/fi\\\/product\\\/muistikirjan-kirjekuori\\\/#breadcrumb\"},\"inLanguage\":\"fi\",\"potentialAction\":[{\"@type\":\"ReadAction\",\"target\":[\"https:\\\/\\\/marras.ee\\\/fi\\\/product\\\/muistikirjan-kirjekuori\\\/\"]}]},{\"@type\":\"ImageObject\",\"inLanguage\":\"fi\",\"@id\":\"https:\\\/\\\/marras.ee\\\/fi\\\/product\\\/muistikirjan-kirjekuori\\\/#primaryimage\",\"url\":\"https:\\\/\\\/marras.ee\\\/wp-content\\\/uploads\\\/2026\\\/05\\\/13-1.png\",\"contentUrl\":\"https:\\\/\\\/marras.ee\\\/wp-content\\\/uploads\\\/2026\\\/05\\\/13-1.png\",\"width\":1080,\"height\":1080},{\"@type\":\"BreadcrumbList\",\"@id\":\"https:\\\/\\\/marras.ee\\\/fi\\\/product\\\/muistikirjan-kirjekuori\\\/#breadcrumb\",\"itemListElement\":[{\"@type\":\"ListItem\",\"position\":1,\"name\":\"Home\",\"item\":\"https:\\\/\\\/marras.ee\\\/fi\\\/kotisivu\\\/\"},{\"@type\":\"ListItem\",\"position\":2,\"name\":\"Tuotteet\",\"item\":\"https:\\\/\\\/marras.ee\\\/fi\\\/shop\\\/\"},{\"@type\":\"ListItem\",\"position\":3,\"name\":\"Muistikirjan kirjekuori\"}]},{\"@type\":\"WebSite\",\"@id\":\"https:\\\/\\\/marras.ee\\\/fi\\\/#website\",\"url\":\"https:\\\/\\\/marras.ee\\\/fi\\\/\",\"name\":\"Marras\",\"description\":\"\",\"potentialAction\":[{\"@type\":\"SearchAction\",\"target\":{\"@type\":\"EntryPoint\",\"urlTemplate\":\"https:\\\/\\\/marras.ee\\\/fi\\\/?s={search_term_string}\"},\"query-input\":{\"@type\":\"PropertyValueSpecification\",\"valueRequired\":true,\"valueName\":\"search_term_string\"}}],\"inLanguage\":\"fi\"}]}<\/script>\n<!-- \/ Yoast SEO plugin. -->","yoast_head_json":{"title":"Muistikirjan kirjekuori - Marras","robots":{"index":"index","follow":"follow","max-snippet":"max-snippet:-1","max-image-preview":"max-image-preview:large","max-video-preview":"max-video-preview:-1"},"canonical":"https:\/\/marras.ee\/fi\/product\/muistikirjan-kirjekuori\/","og_locale":"fi_FI","og_type":"article","og_title":"Muistikirjan kirjekuori - Marras","og_description":"Muistikirjan suojus niille, joiden parhaat ideat syntyv\u00e4t sateessa, mets\u00e4ss\u00e4 tai strategiapalaverissa.Pit\u00e4\u00e4 muistikirjasi suojassa, kyn\u00e4n k\u00e4den ulottuvilla ja salaiset suunnitelmasi edes hieman j\u00e4rjestyksess\u00e4. Sopii t\u00e4rkeille muistiinpanoille, ostoslistoille ja maailman pelastussuunnitelmille. \ud83e\udee1 Suunniteltu kantamaan 7,5 x 13 cm:n muistikirjoja (Rite in the Rain).","og_url":"https:\/\/marras.ee\/fi\/product\/muistikirjan-kirjekuori\/","og_site_name":"Marras","article_modified_time":"2026-05-08T10:11:55+00:00","og_image":[{"width":1080,"height":1080,"url":"https:\/\/marras.ee\/wp-content\/uploads\/2026\/05\/13-1.png","type":"image\/png"}],"twitter_card":"summary_large_image","schema":{"@context":"https:\/\/schema.org","@graph":[{"@type":"WebPage","@id":"https:\/\/marras.ee\/fi\/product\/muistikirjan-kirjekuori\/","url":"https:\/\/marras.ee\/fi\/product\/muistikirjan-kirjekuori\/","name":"Muistikirjan kirjekuori - Marras","isPartOf":{"@id":"https:\/\/marras.ee\/fi\/#website"},"primaryImageOfPage":{"@id":"https:\/\/marras.ee\/fi\/product\/muistikirjan-kirjekuori\/#primaryimage"},"image":{"@id":"https:\/\/marras.ee\/fi\/product\/muistikirjan-kirjekuori\/#primaryimage"},"thumbnailUrl":"https:\/\/marras.ee\/wp-content\/uploads\/2026\/05\/13-1.png","datePublished":"2026-05-08T10:02:33+00:00","dateModified":"2026-05-08T10:11:55+00:00","breadcrumb":{"@id":"https:\/\/marras.ee\/fi\/product\/muistikirjan-kirjekuori\/#breadcrumb"},"inLanguage":"fi","potentialAction":[{"@type":"ReadAction","target":["https:\/\/marras.ee\/fi\/product\/muistikirjan-kirjekuori\/"]}]},{"@type":"ImageObject","inLanguage":"fi","@id":"https:\/\/marras.ee\/fi\/product\/muistikirjan-kirjekuori\/#primaryimage","url":"https:\/\/marras.ee\/wp-content\/uploads\/2026\/05\/13-1.png","contentUrl":"https:\/\/marras.ee\/wp-content\/uploads\/2026\/05\/13-1.png","width":1080,"height":1080},{"@type":"BreadcrumbList","@id":"https:\/\/marras.ee\/fi\/product\/muistikirjan-kirjekuori\/#breadcrumb","itemListElement":[{"@type":"ListItem","position":1,"name":"Home","item":"https:\/\/marras.ee\/fi\/kotisivu\/"},{"@type":"ListItem","position":2,"name":"Tuotteet","item":"https:\/\/marras.ee\/fi\/shop\/"},{"@type":"ListItem","position":3,"name":"Muistikirjan kirjekuori"}]},{"@type":"WebSite","@id":"https:\/\/marras.ee\/fi\/#website","url":"https:\/\/marras.ee\/fi\/","name":"Marras","description":"","potentialAction":[{"@type":"SearchAction","target":{"@type":"EntryPoint","urlTemplate":"https:\/\/marras.ee\/fi\/?s={search_term_string}"},"query-input":{"@type":"PropertyValueSpecification","valueRequired":true,"valueName":"search_term_string"}}],"inLanguage":"fi"}]}},"_links":{"self":[{"href":"https:\/\/marras.ee\/fi\/wp-json\/wp\/v2\/product\/6329","targetHints":{"allow":["GET"]}}],"collection":[{"href":"https:\/\/marras.ee\/fi\/wp-json\/wp\/v2\/product"}],"about":[{"href":"https:\/\/marras.ee\/fi\/wp-json\/wp\/v2\/types\/product"}],"replies":[{"embeddable":true,"href":"https:\/\/marras.ee\/fi\/wp-json\/wp\/v2\/comments?post=6329"}],"wp:featuredmedia":[{"embeddable":true,"href":"https:\/\/marras.ee\/fi\/wp-json\/wp\/v2\/media\/6319"}],"wp:attachment":[{"href":"https:\/\/marras.ee\/fi\/wp-json\/wp\/v2\/media?parent=6329"}],"wp:term":[{"taxonomy":"product_brand","embeddable":true,"href":"https:\/\/marras.ee\/fi\/wp-json\/wp\/v2\/product_brand?post=6329"},{"taxonomy":"product_cat","embeddable":true,"href":"https:\/\/marras.ee\/fi\/wp-json\/wp\/v2\/product_cat?post=6329"},{"taxonomy":"product_tag","embeddable":true,"href":"https:\/\/marras.ee\/fi\/wp-json\/wp\/v2\/product_tag?post=6329"}],"curies":[{"name":"wp","href":"https:\/\/api.w.org\/{rel}","templated":true}]}}