{"id":738,"date":"2024-10-02T14:38:23","date_gmt":"2024-10-02T12:38:23","guid":{"rendered":"https:\/\/marras.ee\/product\/ar-lapalla-2-taskua\/"},"modified":"2026-03-11T21:12:06","modified_gmt":"2026-03-11T19:12:06","slug":"ar-lapalla-2-taskua","status":"publish","type":"product","link":"https:\/\/marras.ee\/fi\/product\/ar-lapalla-2-taskua\/","title":{"rendered":"AR l\u00e4p\u00e4ll\u00e4"},"content":{"rendered":"<p>Monik\u00e4ytt\u00f6inen salvatasku, jossa on l\u00e4pp\u00e4.<br \/>\nSalvataskua voi s\u00e4\u00e4t\u00e4\u00e4 aukon kuminauhalla.<br \/>\nIrrotettavalla l\u00e4p\u00e4ll\u00e4.<br \/>\nVarsijalka on l\u00e4pp\u00e4, jossa on erillinen leikkaus, jonka ansiosta l\u00e4pp\u00e4 muotoutuu paremmin elementtien ymp\u00e4rille.<\/p>\n","protected":false},"excerpt":{"rendered":"<p>Monik\u00e4ytt\u00f6inen salvatasku, jossa on l\u00e4pp\u00e4. Salvataskua voi s\u00e4\u00e4t\u00e4\u00e4 aukon kuminauhalla. Irrotettavalla l\u00e4p\u00e4ll\u00e4. Varsijalka on l\u00e4pp\u00e4, jossa on erillinen leikkaus, jonka ansiosta l\u00e4pp\u00e4 muotoutuu paremmin elementtien ymp\u00e4rille.<\/p>\n","protected":false},"featured_media":4075,"comment_status":"closed","ping_status":"closed","template":"","meta":{"_acf_changed":false},"product_brand":[],"product_cat":[37],"product_tag":[],"class_list":{"0":"post-738","1":"product","2":"type-product","3":"status-publish","4":"has-post-thumbnail","6":"product_cat-taskut-ja-laukut","8":"first","9":"instock","10":"taxable","11":"shipping-taxable","12":"purchasable","13":"product-type-variable","14":"has-default-attributes"},"acf":[],"yoast_head":"<!-- This site is optimized with the Yoast SEO plugin v27.3 - https:\/\/yoast.com\/product\/yoast-seo-wordpress\/ -->\n<title>AR l\u00e4p\u00e4ll\u00e4 - Marras<\/title>\n<meta name=\"description\" content=\"Marrasin monik\u00e4ytt\u00f6inen salvatasku, jossa on l\u00e4pp\u00e4. Lukkotasku voidaan s\u00e4\u00e4t\u00e4\u00e4 aukon kuminauhalla. Valmistettu ja suunniteltu Viron tasavallassa\" \/>\n<meta name=\"robots\" content=\"index, follow, max-snippet:-1, max-image-preview:large, max-video-preview:-1\" \/>\n<link rel=\"canonical\" href=\"https:\/\/marras.ee\/fi\/product\/ar-lapalla-2-taskua\/\" \/>\n<meta property=\"og:locale\" content=\"fi_FI\" \/>\n<meta property=\"og:type\" content=\"article\" \/>\n<meta property=\"og:title\" content=\"AR l\u00e4p\u00e4ll\u00e4 - Marras\" \/>\n<meta property=\"og:description\" content=\"Marrasin monik\u00e4ytt\u00f6inen salvatasku, jossa on l\u00e4pp\u00e4. Lukkotasku voidaan s\u00e4\u00e4t\u00e4\u00e4 aukon kuminauhalla. Valmistettu ja suunniteltu Viron tasavallassa\" \/>\n<meta property=\"og:url\" content=\"https:\/\/marras.ee\/fi\/product\/ar-lapalla-2-taskua\/\" \/>\n<meta property=\"og:site_name\" content=\"Marras\" \/>\n<meta property=\"article:modified_time\" content=\"2026-03-11T19:12:06+00:00\" \/>\n<meta property=\"og:image\" content=\"https:\/\/marras.ee\/wp-content\/uploads\/2025\/09\/AR-KLAPIGA-DIAGONAAL2-819x1024.png\" \/>\n\t<meta property=\"og:image:width\" content=\"819\" \/>\n\t<meta property=\"og:image:height\" content=\"1024\" \/>\n\t<meta property=\"og:image:type\" content=\"image\/png\" \/>\n<meta name=\"twitter:card\" content=\"summary_large_image\" \/>\n<script type=\"application\/ld+json\" class=\"yoast-schema-graph\">{\"@context\":\"https:\\\/\\\/schema.org\",\"@graph\":[{\"@type\":\"WebPage\",\"@id\":\"https:\\\/\\\/marras.ee\\\/fi\\\/product\\\/ar-lapalla-2-taskua\\\/\",\"url\":\"https:\\\/\\\/marras.ee\\\/fi\\\/product\\\/ar-lapalla-2-taskua\\\/\",\"name\":\"AR l\u00e4p\u00e4ll\u00e4 - Marras\",\"isPartOf\":{\"@id\":\"https:\\\/\\\/marras.ee\\\/fi\\\/#website\"},\"primaryImageOfPage\":{\"@id\":\"https:\\\/\\\/marras.ee\\\/fi\\\/product\\\/ar-lapalla-2-taskua\\\/#primaryimage\"},\"image\":{\"@id\":\"https:\\\/\\\/marras.ee\\\/fi\\\/product\\\/ar-lapalla-2-taskua\\\/#primaryimage\"},\"thumbnailUrl\":\"https:\\\/\\\/marras.ee\\\/wp-content\\\/uploads\\\/2025\\\/09\\\/AR-KLAPIGA-DIAGONAAL2.png\",\"datePublished\":\"2024-10-02T12:38:23+00:00\",\"dateModified\":\"2026-03-11T19:12:06+00:00\",\"description\":\"Marrasin monik\u00e4ytt\u00f6inen salvatasku, jossa on l\u00e4pp\u00e4. Lukkotasku voidaan s\u00e4\u00e4t\u00e4\u00e4 aukon kuminauhalla. Valmistettu ja suunniteltu Viron tasavallassa\",\"breadcrumb\":{\"@id\":\"https:\\\/\\\/marras.ee\\\/fi\\\/product\\\/ar-lapalla-2-taskua\\\/#breadcrumb\"},\"inLanguage\":\"fi\",\"potentialAction\":[{\"@type\":\"ReadAction\",\"target\":[\"https:\\\/\\\/marras.ee\\\/fi\\\/product\\\/ar-lapalla-2-taskua\\\/\"]}]},{\"@type\":\"ImageObject\",\"inLanguage\":\"fi\",\"@id\":\"https:\\\/\\\/marras.ee\\\/fi\\\/product\\\/ar-lapalla-2-taskua\\\/#primaryimage\",\"url\":\"https:\\\/\\\/marras.ee\\\/wp-content\\\/uploads\\\/2025\\\/09\\\/AR-KLAPIGA-DIAGONAAL2.png\",\"contentUrl\":\"https:\\\/\\\/marras.ee\\\/wp-content\\\/uploads\\\/2025\\\/09\\\/AR-KLAPIGA-DIAGONAAL2.png\",\"width\":1080,\"height\":1350},{\"@type\":\"BreadcrumbList\",\"@id\":\"https:\\\/\\\/marras.ee\\\/fi\\\/product\\\/ar-lapalla-2-taskua\\\/#breadcrumb\",\"itemListElement\":[{\"@type\":\"ListItem\",\"position\":1,\"name\":\"Home\",\"item\":\"https:\\\/\\\/marras.ee\\\/fi\\\/kotisivu\\\/\"},{\"@type\":\"ListItem\",\"position\":2,\"name\":\"Tuotteet\",\"item\":\"https:\\\/\\\/marras.ee\\\/fi\\\/shop\\\/\"},{\"@type\":\"ListItem\",\"position\":3,\"name\":\"AR l\u00e4p\u00e4ll\u00e4\"}]},{\"@type\":\"WebSite\",\"@id\":\"https:\\\/\\\/marras.ee\\\/fi\\\/#website\",\"url\":\"https:\\\/\\\/marras.ee\\\/fi\\\/\",\"name\":\"Marras\",\"description\":\"\",\"potentialAction\":[{\"@type\":\"SearchAction\",\"target\":{\"@type\":\"EntryPoint\",\"urlTemplate\":\"https:\\\/\\\/marras.ee\\\/fi\\\/?s={search_term_string}\"},\"query-input\":{\"@type\":\"PropertyValueSpecification\",\"valueRequired\":true,\"valueName\":\"search_term_string\"}}],\"inLanguage\":\"fi\"}]}<\/script>\n<!-- \/ Yoast SEO plugin. -->","yoast_head_json":{"title":"AR l\u00e4p\u00e4ll\u00e4 - Marras","description":"Marrasin monik\u00e4ytt\u00f6inen salvatasku, jossa on l\u00e4pp\u00e4. Lukkotasku voidaan s\u00e4\u00e4t\u00e4\u00e4 aukon kuminauhalla. Valmistettu ja suunniteltu Viron tasavallassa","robots":{"index":"index","follow":"follow","max-snippet":"max-snippet:-1","max-image-preview":"max-image-preview:large","max-video-preview":"max-video-preview:-1"},"canonical":"https:\/\/marras.ee\/fi\/product\/ar-lapalla-2-taskua\/","og_locale":"fi_FI","og_type":"article","og_title":"AR l\u00e4p\u00e4ll\u00e4 - Marras","og_description":"Marrasin monik\u00e4ytt\u00f6inen salvatasku, jossa on l\u00e4pp\u00e4. Lukkotasku voidaan s\u00e4\u00e4t\u00e4\u00e4 aukon kuminauhalla. Valmistettu ja suunniteltu Viron tasavallassa","og_url":"https:\/\/marras.ee\/fi\/product\/ar-lapalla-2-taskua\/","og_site_name":"Marras","article_modified_time":"2026-03-11T19:12:06+00:00","og_image":[{"width":819,"height":1024,"url":"https:\/\/marras.ee\/wp-content\/uploads\/2025\/09\/AR-KLAPIGA-DIAGONAAL2-819x1024.png","type":"image\/png"}],"twitter_card":"summary_large_image","schema":{"@context":"https:\/\/schema.org","@graph":[{"@type":"WebPage","@id":"https:\/\/marras.ee\/fi\/product\/ar-lapalla-2-taskua\/","url":"https:\/\/marras.ee\/fi\/product\/ar-lapalla-2-taskua\/","name":"AR l\u00e4p\u00e4ll\u00e4 - Marras","isPartOf":{"@id":"https:\/\/marras.ee\/fi\/#website"},"primaryImageOfPage":{"@id":"https:\/\/marras.ee\/fi\/product\/ar-lapalla-2-taskua\/#primaryimage"},"image":{"@id":"https:\/\/marras.ee\/fi\/product\/ar-lapalla-2-taskua\/#primaryimage"},"thumbnailUrl":"https:\/\/marras.ee\/wp-content\/uploads\/2025\/09\/AR-KLAPIGA-DIAGONAAL2.png","datePublished":"2024-10-02T12:38:23+00:00","dateModified":"2026-03-11T19:12:06+00:00","description":"Marrasin monik\u00e4ytt\u00f6inen salvatasku, jossa on l\u00e4pp\u00e4. Lukkotasku voidaan s\u00e4\u00e4t\u00e4\u00e4 aukon kuminauhalla. Valmistettu ja suunniteltu Viron tasavallassa","breadcrumb":{"@id":"https:\/\/marras.ee\/fi\/product\/ar-lapalla-2-taskua\/#breadcrumb"},"inLanguage":"fi","potentialAction":[{"@type":"ReadAction","target":["https:\/\/marras.ee\/fi\/product\/ar-lapalla-2-taskua\/"]}]},{"@type":"ImageObject","inLanguage":"fi","@id":"https:\/\/marras.ee\/fi\/product\/ar-lapalla-2-taskua\/#primaryimage","url":"https:\/\/marras.ee\/wp-content\/uploads\/2025\/09\/AR-KLAPIGA-DIAGONAAL2.png","contentUrl":"https:\/\/marras.ee\/wp-content\/uploads\/2025\/09\/AR-KLAPIGA-DIAGONAAL2.png","width":1080,"height":1350},{"@type":"BreadcrumbList","@id":"https:\/\/marras.ee\/fi\/product\/ar-lapalla-2-taskua\/#breadcrumb","itemListElement":[{"@type":"ListItem","position":1,"name":"Home","item":"https:\/\/marras.ee\/fi\/kotisivu\/"},{"@type":"ListItem","position":2,"name":"Tuotteet","item":"https:\/\/marras.ee\/fi\/shop\/"},{"@type":"ListItem","position":3,"name":"AR l\u00e4p\u00e4ll\u00e4"}]},{"@type":"WebSite","@id":"https:\/\/marras.ee\/fi\/#website","url":"https:\/\/marras.ee\/fi\/","name":"Marras","description":"","potentialAction":[{"@type":"SearchAction","target":{"@type":"EntryPoint","urlTemplate":"https:\/\/marras.ee\/fi\/?s={search_term_string}"},"query-input":{"@type":"PropertyValueSpecification","valueRequired":true,"valueName":"search_term_string"}}],"inLanguage":"fi"}]}},"_links":{"self":[{"href":"https:\/\/marras.ee\/fi\/wp-json\/wp\/v2\/product\/738","targetHints":{"allow":["GET"]}}],"collection":[{"href":"https:\/\/marras.ee\/fi\/wp-json\/wp\/v2\/product"}],"about":[{"href":"https:\/\/marras.ee\/fi\/wp-json\/wp\/v2\/types\/product"}],"replies":[{"embeddable":true,"href":"https:\/\/marras.ee\/fi\/wp-json\/wp\/v2\/comments?post=738"}],"wp:featuredmedia":[{"embeddable":true,"href":"https:\/\/marras.ee\/fi\/wp-json\/wp\/v2\/media\/4075"}],"wp:attachment":[{"href":"https:\/\/marras.ee\/fi\/wp-json\/wp\/v2\/media?parent=738"}],"wp:term":[{"taxonomy":"product_brand","embeddable":true,"href":"https:\/\/marras.ee\/fi\/wp-json\/wp\/v2\/product_brand?post=738"},{"taxonomy":"product_cat","embeddable":true,"href":"https:\/\/marras.ee\/fi\/wp-json\/wp\/v2\/product_cat?post=738"},{"taxonomy":"product_tag","embeddable":true,"href":"https:\/\/marras.ee\/fi\/wp-json\/wp\/v2\/product_tag?post=738"}],"curies":[{"name":"wp","href":"https:\/\/api.w.org\/{rel}","templated":true}]}}