{"id":766,"date":"2024-11-08T15:39:52","date_gmt":"2024-11-08T13:39:52","guid":{"rendered":"https:\/\/marras.ee\/product\/sivut-pikakiinnikkeilla-2kpl\/"},"modified":"2026-04-13T08:53:07","modified_gmt":"2026-04-13T06:53:07","slug":"sivut-pikakiinnikkeilla-2kpl","status":"publish","type":"product","link":"https:\/\/marras.ee\/fi\/product\/sivut-pikakiinnikkeilla-2kpl\/","title":{"rendered":"Sivut pikakiinnikkeill\u00e4 (2kpl)"},"content":{"rendered":"<p>Pikakiinnikkeet kantavaan j\u00e4rjestelm\u00e4\u00e4n.<br \/>\nLaadukkaat 2M ROC 80 -kiinnittimet k\u00e4yt\u00f6ss\u00e4.<\/p>\n<p>Kysy meilt\u00e4 erikseen FirstSpear-kiinnittimist\u00e4!<\/p>\n","protected":false},"excerpt":{"rendered":"<p>Pikakiinnikkeet kantavaan j\u00e4rjestelm\u00e4\u00e4n. Laadukkaat 2M ROC 80 -kiinnittimet k\u00e4yt\u00f6ss\u00e4. Kysy meilt\u00e4 erikseen FirstSpear-kiinnittimist\u00e4!<\/p>\n","protected":false},"featured_media":652,"comment_status":"closed","ping_status":"closed","template":"","meta":{"_acf_changed":false},"product_brand":[],"product_cat":[42,37],"product_tag":[],"class_list":{"0":"post-766","1":"product","2":"type-product","3":"status-publish","4":"has-post-thumbnail","6":"product_cat-laskeutumisjarjestelmat","7":"product_cat-taskut-ja-laukut","9":"first","10":"outofstock","11":"taxable","12":"shipping-taxable","13":"purchasable","14":"product-type-simple"},"acf":[],"yoast_head":"<!-- This site is optimized with the Yoast SEO plugin v27.3 - https:\/\/yoast.com\/product\/yoast-seo-wordpress\/ -->\n<title>Sivut pikakiinnikkeill\u00e4 (2kpl) - Marras<\/title>\n<meta name=\"description\" content=\"Marras-pikakiinnityssivut tukij\u00e4rjestelm\u00e4\u00e4 varten. K\u00e4yt\u00e4 korkealaatuisia ROC-80-puristimia. Mahdollistaa kannatinj\u00e4rjestelm\u00e4n avaamisen ja sulkemisen nopeasti ja hiljaisesti.\" \/>\n<meta name=\"robots\" content=\"index, follow, max-snippet:-1, max-image-preview:large, max-video-preview:-1\" \/>\n<link rel=\"canonical\" href=\"https:\/\/marras.ee\/fi\/product\/sivut-pikakiinnikkeilla-2kpl\/\" \/>\n<meta property=\"og:locale\" content=\"fi_FI\" \/>\n<meta property=\"og:type\" content=\"article\" \/>\n<meta property=\"og:title\" content=\"Sivut pikakiinnikkeill\u00e4 (2kpl) - Marras\" \/>\n<meta property=\"og:description\" content=\"Marras-pikakiinnityssivut tukij\u00e4rjestelm\u00e4\u00e4 varten. K\u00e4yt\u00e4 korkealaatuisia ROC-80-puristimia. Mahdollistaa kannatinj\u00e4rjestelm\u00e4n avaamisen ja sulkemisen nopeasti ja hiljaisesti.\" \/>\n<meta property=\"og:url\" content=\"https:\/\/marras.ee\/fi\/product\/sivut-pikakiinnikkeilla-2kpl\/\" \/>\n<meta property=\"og:site_name\" content=\"Marras\" \/>\n<meta property=\"article:modified_time\" content=\"2026-04-13T06:53:07+00:00\" \/>\n<meta property=\"og:image\" content=\"https:\/\/marras.ee\/wp-content\/uploads\/2024\/11\/1.png\" \/>\n\t<meta property=\"og:image:width\" content=\"1080\" \/>\n\t<meta property=\"og:image:height\" content=\"1080\" \/>\n\t<meta property=\"og:image:type\" content=\"image\/png\" \/>\n<meta name=\"twitter:card\" content=\"summary_large_image\" \/>\n<script type=\"application\/ld+json\" class=\"yoast-schema-graph\">{\"@context\":\"https:\\\/\\\/schema.org\",\"@graph\":[{\"@type\":\"WebPage\",\"@id\":\"https:\\\/\\\/marras.ee\\\/fi\\\/product\\\/sivut-pikakiinnikkeilla-2kpl\\\/\",\"url\":\"https:\\\/\\\/marras.ee\\\/fi\\\/product\\\/sivut-pikakiinnikkeilla-2kpl\\\/\",\"name\":\"Sivut pikakiinnikkeill\u00e4 (2kpl) - Marras\",\"isPartOf\":{\"@id\":\"https:\\\/\\\/marras.ee\\\/fi\\\/#website\"},\"primaryImageOfPage\":{\"@id\":\"https:\\\/\\\/marras.ee\\\/fi\\\/product\\\/sivut-pikakiinnikkeilla-2kpl\\\/#primaryimage\"},\"image\":{\"@id\":\"https:\\\/\\\/marras.ee\\\/fi\\\/product\\\/sivut-pikakiinnikkeilla-2kpl\\\/#primaryimage\"},\"thumbnailUrl\":\"https:\\\/\\\/marras.ee\\\/wp-content\\\/uploads\\\/2024\\\/11\\\/1.png\",\"datePublished\":\"2024-11-08T13:39:52+00:00\",\"dateModified\":\"2026-04-13T06:53:07+00:00\",\"description\":\"Marras-pikakiinnityssivut tukij\u00e4rjestelm\u00e4\u00e4 varten. K\u00e4yt\u00e4 korkealaatuisia ROC-80-puristimia. Mahdollistaa kannatinj\u00e4rjestelm\u00e4n avaamisen ja sulkemisen nopeasti ja hiljaisesti.\",\"breadcrumb\":{\"@id\":\"https:\\\/\\\/marras.ee\\\/fi\\\/product\\\/sivut-pikakiinnikkeilla-2kpl\\\/#breadcrumb\"},\"inLanguage\":\"fi\",\"potentialAction\":[{\"@type\":\"ReadAction\",\"target\":[\"https:\\\/\\\/marras.ee\\\/fi\\\/product\\\/sivut-pikakiinnikkeilla-2kpl\\\/\"]}]},{\"@type\":\"ImageObject\",\"inLanguage\":\"fi\",\"@id\":\"https:\\\/\\\/marras.ee\\\/fi\\\/product\\\/sivut-pikakiinnikkeilla-2kpl\\\/#primaryimage\",\"url\":\"https:\\\/\\\/marras.ee\\\/wp-content\\\/uploads\\\/2024\\\/11\\\/1.png\",\"contentUrl\":\"https:\\\/\\\/marras.ee\\\/wp-content\\\/uploads\\\/2024\\\/11\\\/1.png\",\"width\":1080,\"height\":1080},{\"@type\":\"BreadcrumbList\",\"@id\":\"https:\\\/\\\/marras.ee\\\/fi\\\/product\\\/sivut-pikakiinnikkeilla-2kpl\\\/#breadcrumb\",\"itemListElement\":[{\"@type\":\"ListItem\",\"position\":1,\"name\":\"Home\",\"item\":\"https:\\\/\\\/marras.ee\\\/fi\\\/kotisivu\\\/\"},{\"@type\":\"ListItem\",\"position\":2,\"name\":\"Tuotteet\",\"item\":\"https:\\\/\\\/marras.ee\\\/fi\\\/shop\\\/\"},{\"@type\":\"ListItem\",\"position\":3,\"name\":\"Sivut pikakiinnikkeill\u00e4 (2kpl)\"}]},{\"@type\":\"WebSite\",\"@id\":\"https:\\\/\\\/marras.ee\\\/fi\\\/#website\",\"url\":\"https:\\\/\\\/marras.ee\\\/fi\\\/\",\"name\":\"Marras\",\"description\":\"\",\"potentialAction\":[{\"@type\":\"SearchAction\",\"target\":{\"@type\":\"EntryPoint\",\"urlTemplate\":\"https:\\\/\\\/marras.ee\\\/fi\\\/?s={search_term_string}\"},\"query-input\":{\"@type\":\"PropertyValueSpecification\",\"valueRequired\":true,\"valueName\":\"search_term_string\"}}],\"inLanguage\":\"fi\"}]}<\/script>\n<!-- \/ Yoast SEO plugin. -->","yoast_head_json":{"title":"Sivut pikakiinnikkeill\u00e4 (2kpl) - Marras","description":"Marras-pikakiinnityssivut tukij\u00e4rjestelm\u00e4\u00e4 varten. K\u00e4yt\u00e4 korkealaatuisia ROC-80-puristimia. Mahdollistaa kannatinj\u00e4rjestelm\u00e4n avaamisen ja sulkemisen nopeasti ja hiljaisesti.","robots":{"index":"index","follow":"follow","max-snippet":"max-snippet:-1","max-image-preview":"max-image-preview:large","max-video-preview":"max-video-preview:-1"},"canonical":"https:\/\/marras.ee\/fi\/product\/sivut-pikakiinnikkeilla-2kpl\/","og_locale":"fi_FI","og_type":"article","og_title":"Sivut pikakiinnikkeill\u00e4 (2kpl) - Marras","og_description":"Marras-pikakiinnityssivut tukij\u00e4rjestelm\u00e4\u00e4 varten. K\u00e4yt\u00e4 korkealaatuisia ROC-80-puristimia. Mahdollistaa kannatinj\u00e4rjestelm\u00e4n avaamisen ja sulkemisen nopeasti ja hiljaisesti.","og_url":"https:\/\/marras.ee\/fi\/product\/sivut-pikakiinnikkeilla-2kpl\/","og_site_name":"Marras","article_modified_time":"2026-04-13T06:53:07+00:00","og_image":[{"width":1080,"height":1080,"url":"https:\/\/marras.ee\/wp-content\/uploads\/2024\/11\/1.png","type":"image\/png"}],"twitter_card":"summary_large_image","schema":{"@context":"https:\/\/schema.org","@graph":[{"@type":"WebPage","@id":"https:\/\/marras.ee\/fi\/product\/sivut-pikakiinnikkeilla-2kpl\/","url":"https:\/\/marras.ee\/fi\/product\/sivut-pikakiinnikkeilla-2kpl\/","name":"Sivut pikakiinnikkeill\u00e4 (2kpl) - Marras","isPartOf":{"@id":"https:\/\/marras.ee\/fi\/#website"},"primaryImageOfPage":{"@id":"https:\/\/marras.ee\/fi\/product\/sivut-pikakiinnikkeilla-2kpl\/#primaryimage"},"image":{"@id":"https:\/\/marras.ee\/fi\/product\/sivut-pikakiinnikkeilla-2kpl\/#primaryimage"},"thumbnailUrl":"https:\/\/marras.ee\/wp-content\/uploads\/2024\/11\/1.png","datePublished":"2024-11-08T13:39:52+00:00","dateModified":"2026-04-13T06:53:07+00:00","description":"Marras-pikakiinnityssivut tukij\u00e4rjestelm\u00e4\u00e4 varten. K\u00e4yt\u00e4 korkealaatuisia ROC-80-puristimia. Mahdollistaa kannatinj\u00e4rjestelm\u00e4n avaamisen ja sulkemisen nopeasti ja hiljaisesti.","breadcrumb":{"@id":"https:\/\/marras.ee\/fi\/product\/sivut-pikakiinnikkeilla-2kpl\/#breadcrumb"},"inLanguage":"fi","potentialAction":[{"@type":"ReadAction","target":["https:\/\/marras.ee\/fi\/product\/sivut-pikakiinnikkeilla-2kpl\/"]}]},{"@type":"ImageObject","inLanguage":"fi","@id":"https:\/\/marras.ee\/fi\/product\/sivut-pikakiinnikkeilla-2kpl\/#primaryimage","url":"https:\/\/marras.ee\/wp-content\/uploads\/2024\/11\/1.png","contentUrl":"https:\/\/marras.ee\/wp-content\/uploads\/2024\/11\/1.png","width":1080,"height":1080},{"@type":"BreadcrumbList","@id":"https:\/\/marras.ee\/fi\/product\/sivut-pikakiinnikkeilla-2kpl\/#breadcrumb","itemListElement":[{"@type":"ListItem","position":1,"name":"Home","item":"https:\/\/marras.ee\/fi\/kotisivu\/"},{"@type":"ListItem","position":2,"name":"Tuotteet","item":"https:\/\/marras.ee\/fi\/shop\/"},{"@type":"ListItem","position":3,"name":"Sivut pikakiinnikkeill\u00e4 (2kpl)"}]},{"@type":"WebSite","@id":"https:\/\/marras.ee\/fi\/#website","url":"https:\/\/marras.ee\/fi\/","name":"Marras","description":"","potentialAction":[{"@type":"SearchAction","target":{"@type":"EntryPoint","urlTemplate":"https:\/\/marras.ee\/fi\/?s={search_term_string}"},"query-input":{"@type":"PropertyValueSpecification","valueRequired":true,"valueName":"search_term_string"}}],"inLanguage":"fi"}]}},"_links":{"self":[{"href":"https:\/\/marras.ee\/fi\/wp-json\/wp\/v2\/product\/766","targetHints":{"allow":["GET"]}}],"collection":[{"href":"https:\/\/marras.ee\/fi\/wp-json\/wp\/v2\/product"}],"about":[{"href":"https:\/\/marras.ee\/fi\/wp-json\/wp\/v2\/types\/product"}],"replies":[{"embeddable":true,"href":"https:\/\/marras.ee\/fi\/wp-json\/wp\/v2\/comments?post=766"}],"wp:featuredmedia":[{"embeddable":true,"href":"https:\/\/marras.ee\/fi\/wp-json\/wp\/v2\/media\/652"}],"wp:attachment":[{"href":"https:\/\/marras.ee\/fi\/wp-json\/wp\/v2\/media?parent=766"}],"wp:term":[{"taxonomy":"product_brand","embeddable":true,"href":"https:\/\/marras.ee\/fi\/wp-json\/wp\/v2\/product_brand?post=766"},{"taxonomy":"product_cat","embeddable":true,"href":"https:\/\/marras.ee\/fi\/wp-json\/wp\/v2\/product_cat?post=766"},{"taxonomy":"product_tag","embeddable":true,"href":"https:\/\/marras.ee\/fi\/wp-json\/wp\/v2\/product_tag?post=766"}],"curies":[{"name":"wp","href":"https:\/\/api.w.org\/{rel}","templated":true}]}}