{"id":768,"date":"2024-11-08T15:11:52","date_gmt":"2024-11-08T13:11:52","guid":{"rendered":"https:\/\/marras.ee\/product\/celox-foxseal-2kpl\/"},"modified":"2024-12-19T13:06:49","modified_gmt":"2024-12-19T11:06:49","slug":"celox-foxseal-2kpl","status":"publish","type":"product","link":"https:\/\/marras.ee\/fi\/product\/celox-foxseal-2kpl\/","title":{"rendered":"Celox Foxseal (2kpl)"},"content":{"rendered":"<p>Rintakeh\u00e4n tiivisteit\u00e4 tarvitaan erityisesti est\u00e4m\u00e4\u00e4n hengitysteiden ahtaus, jos keuhkoihin kohdistuu vammoja l\u00e4p\u00e4isev\u00e4n vamman seurauksena. J\u00e4nnityspneumothorax syntyy, kun ilma vuotaa vamman l\u00e4pi keuhkojen ulkopuolelta rintakeh\u00e4\u00e4n, jolloin keuhko romahtaa, ja se on tilastollisesti yksi kolmesta t\u00e4rkeimm\u00e4st\u00e4 kuolinsyyst\u00e4 taistelukent\u00e4ll\u00e4. Chestseal on suunniteltu toimimaan tiivistyslaastarina t\u00e4llaisen vamman p\u00e4\u00e4ll\u00e4 ja est\u00e4m\u00e4\u00e4n ilman p\u00e4\u00e4sy rintaonteloon. Yleiss\u00e4\u00e4nt\u00f6n\u00e4 on, ett\u00e4 jos rintalastan yl\u00e4p\u00e4\u00e4n ja navan v\u00e4liss\u00e4 on syvempi haava (luoti, sirpale tai puukonisku), rintalastan tiiviste levitet\u00e4\u00e4n nopeana ensiapuna, kun taas l\u00e4p\u00e4isev\u00e4n haavan tapauksessa rintalastan tiiviste levitet\u00e4\u00e4n sek\u00e4 sis\u00e4\u00e4nmeno- ett\u00e4 ulostulohaavaan, mink\u00e4 j\u00e4lkeen koulutetummat l\u00e4\u00e4kint\u00e4miehet hoitavat haavan. Tuuletettu rintakeh\u00e4n sein\u00e4m\u00e4 eroaa tuulettamattomasta rintakeh\u00e4n sein\u00e4m\u00e4st\u00e4 siin\u00e4, ett\u00e4 tuulettamaton rintakeh\u00e4n sein\u00e4m\u00e4 toimii yksinkertaisesti ilmatiiviin\u00e4 tiivisteen\u00e4, kun taas tuuletettu rintakeh\u00e4n sein\u00e4m\u00e4 sallii ylim\u00e4\u00e4r\u00e4isen ilman poistumisen rintaontelosta ja est\u00e4\u00e4 samalla ulkoilman p\u00e4\u00e4syn rintaonteloon.    <\/p>\n","protected":false},"excerpt":{"rendered":"<p>Rintakeh\u00e4n tiivisteit\u00e4 tarvitaan erityisesti est\u00e4m\u00e4\u00e4n hengitysteiden ahtaus, jos keuhkoihin kohdistuu vammoja l\u00e4p\u00e4isev\u00e4n vamman seurauksena. J\u00e4nnityspneumothorax syntyy, kun ilma vuotaa vamman l\u00e4pi keuhkojen ulkopuolelta rintakeh\u00e4\u00e4n, jolloin keuhko romahtaa, ja se on tilastollisesti yksi kolmesta t\u00e4rkeimm\u00e4st\u00e4 kuolinsyyst\u00e4 taistelukent\u00e4ll\u00e4. Chestseal on suunniteltu toimimaan tiivistyslaastarina t\u00e4llaisen vamman p\u00e4\u00e4ll\u00e4 ja est\u00e4m\u00e4\u00e4n ilman p\u00e4\u00e4sy rintaonteloon. Yleiss\u00e4\u00e4nt\u00f6n\u00e4 on, ett\u00e4 jos rintalastan yl\u00e4p\u00e4\u00e4n [&hellip;]<\/p>\n","protected":false},"featured_media":624,"comment_status":"closed","ping_status":"closed","template":"","meta":{"_acf_changed":false},"product_brand":[],"product_cat":[40],"product_tag":[],"class_list":{"0":"post-768","1":"product","2":"type-product","3":"status-publish","4":"has-post-thumbnail","6":"product_cat-laakinnalliset-laitteet","8":"first","9":"outofstock","10":"taxable","11":"shipping-taxable","12":"purchasable","13":"product-type-simple"},"acf":[],"yoast_head":"<!-- This site is optimized with the Yoast SEO plugin v27.3 - https:\/\/yoast.com\/product\/yoast-seo-wordpress\/ -->\n<title>Celox Foxseal (2kpl) - Marras<\/title>\n<meta name=\"robots\" content=\"index, follow, max-snippet:-1, max-image-preview:large, max-video-preview:-1\" \/>\n<link rel=\"canonical\" href=\"https:\/\/marras.ee\/fi\/product\/celox-foxseal-2kpl\/\" \/>\n<meta property=\"og:locale\" content=\"fi_FI\" \/>\n<meta property=\"og:type\" content=\"article\" \/>\n<meta property=\"og:title\" content=\"Celox Foxseal (2kpl) - Marras\" \/>\n<meta property=\"og:description\" content=\"Rintakeh\u00e4n tiivisteit\u00e4 tarvitaan erityisesti est\u00e4m\u00e4\u00e4n hengitysteiden ahtaus, jos keuhkoihin kohdistuu vammoja l\u00e4p\u00e4isev\u00e4n vamman seurauksena. J\u00e4nnityspneumothorax syntyy, kun ilma vuotaa vamman l\u00e4pi keuhkojen ulkopuolelta rintakeh\u00e4\u00e4n, jolloin keuhko romahtaa, ja se on tilastollisesti yksi kolmesta t\u00e4rkeimm\u00e4st\u00e4 kuolinsyyst\u00e4 taistelukent\u00e4ll\u00e4. Chestseal on suunniteltu toimimaan tiivistyslaastarina t\u00e4llaisen vamman p\u00e4\u00e4ll\u00e4 ja est\u00e4m\u00e4\u00e4n ilman p\u00e4\u00e4sy rintaonteloon. Yleiss\u00e4\u00e4nt\u00f6n\u00e4 on, ett\u00e4 jos rintalastan yl\u00e4p\u00e4\u00e4n [&hellip;]\" \/>\n<meta property=\"og:url\" content=\"https:\/\/marras.ee\/fi\/product\/celox-foxseal-2kpl\/\" \/>\n<meta property=\"og:site_name\" content=\"Marras\" \/>\n<meta property=\"article:modified_time\" content=\"2024-12-19T11:06:49+00:00\" \/>\n<meta property=\"og:image\" content=\"https:\/\/marras.ee\/wp-content\/uploads\/2024\/11\/111111-1024x1024.png\" \/>\n\t<meta property=\"og:image:width\" content=\"1024\" \/>\n\t<meta property=\"og:image:height\" content=\"1024\" \/>\n\t<meta property=\"og:image:type\" content=\"image\/png\" \/>\n<meta name=\"twitter:card\" content=\"summary_large_image\" \/>\n<meta name=\"twitter:label1\" content=\"Arvioitu lukuaika\" \/>\n\t<meta name=\"twitter:data1\" content=\"1 minuutti\" \/>\n<script type=\"application\/ld+json\" class=\"yoast-schema-graph\">{\"@context\":\"https:\\\/\\\/schema.org\",\"@graph\":[{\"@type\":\"WebPage\",\"@id\":\"https:\\\/\\\/marras.ee\\\/fi\\\/product\\\/celox-foxseal-2kpl\\\/\",\"url\":\"https:\\\/\\\/marras.ee\\\/fi\\\/product\\\/celox-foxseal-2kpl\\\/\",\"name\":\"Celox Foxseal (2kpl) - Marras\",\"isPartOf\":{\"@id\":\"https:\\\/\\\/marras.ee\\\/fi\\\/#website\"},\"primaryImageOfPage\":{\"@id\":\"https:\\\/\\\/marras.ee\\\/fi\\\/product\\\/celox-foxseal-2kpl\\\/#primaryimage\"},\"image\":{\"@id\":\"https:\\\/\\\/marras.ee\\\/fi\\\/product\\\/celox-foxseal-2kpl\\\/#primaryimage\"},\"thumbnailUrl\":\"https:\\\/\\\/marras.ee\\\/wp-content\\\/uploads\\\/2024\\\/11\\\/111111.png\",\"datePublished\":\"2024-11-08T13:11:52+00:00\",\"dateModified\":\"2024-12-19T11:06:49+00:00\",\"breadcrumb\":{\"@id\":\"https:\\\/\\\/marras.ee\\\/fi\\\/product\\\/celox-foxseal-2kpl\\\/#breadcrumb\"},\"inLanguage\":\"fi\",\"potentialAction\":[{\"@type\":\"ReadAction\",\"target\":[\"https:\\\/\\\/marras.ee\\\/fi\\\/product\\\/celox-foxseal-2kpl\\\/\"]}]},{\"@type\":\"ImageObject\",\"inLanguage\":\"fi\",\"@id\":\"https:\\\/\\\/marras.ee\\\/fi\\\/product\\\/celox-foxseal-2kpl\\\/#primaryimage\",\"url\":\"https:\\\/\\\/marras.ee\\\/wp-content\\\/uploads\\\/2024\\\/11\\\/111111.png\",\"contentUrl\":\"https:\\\/\\\/marras.ee\\\/wp-content\\\/uploads\\\/2024\\\/11\\\/111111.png\",\"width\":1080,\"height\":1080},{\"@type\":\"BreadcrumbList\",\"@id\":\"https:\\\/\\\/marras.ee\\\/fi\\\/product\\\/celox-foxseal-2kpl\\\/#breadcrumb\",\"itemListElement\":[{\"@type\":\"ListItem\",\"position\":1,\"name\":\"Home\",\"item\":\"https:\\\/\\\/marras.ee\\\/fi\\\/kotisivu\\\/\"},{\"@type\":\"ListItem\",\"position\":2,\"name\":\"Tuotteet\",\"item\":\"https:\\\/\\\/marras.ee\\\/fi\\\/shop\\\/\"},{\"@type\":\"ListItem\",\"position\":3,\"name\":\"Celox Foxseal (2kpl)\"}]},{\"@type\":\"WebSite\",\"@id\":\"https:\\\/\\\/marras.ee\\\/fi\\\/#website\",\"url\":\"https:\\\/\\\/marras.ee\\\/fi\\\/\",\"name\":\"Marras\",\"description\":\"\",\"potentialAction\":[{\"@type\":\"SearchAction\",\"target\":{\"@type\":\"EntryPoint\",\"urlTemplate\":\"https:\\\/\\\/marras.ee\\\/fi\\\/?s={search_term_string}\"},\"query-input\":{\"@type\":\"PropertyValueSpecification\",\"valueRequired\":true,\"valueName\":\"search_term_string\"}}],\"inLanguage\":\"fi\"}]}<\/script>\n<!-- \/ Yoast SEO plugin. -->","yoast_head_json":{"title":"Celox Foxseal (2kpl) - Marras","robots":{"index":"index","follow":"follow","max-snippet":"max-snippet:-1","max-image-preview":"max-image-preview:large","max-video-preview":"max-video-preview:-1"},"canonical":"https:\/\/marras.ee\/fi\/product\/celox-foxseal-2kpl\/","og_locale":"fi_FI","og_type":"article","og_title":"Celox Foxseal (2kpl) - Marras","og_description":"Rintakeh\u00e4n tiivisteit\u00e4 tarvitaan erityisesti est\u00e4m\u00e4\u00e4n hengitysteiden ahtaus, jos keuhkoihin kohdistuu vammoja l\u00e4p\u00e4isev\u00e4n vamman seurauksena. J\u00e4nnityspneumothorax syntyy, kun ilma vuotaa vamman l\u00e4pi keuhkojen ulkopuolelta rintakeh\u00e4\u00e4n, jolloin keuhko romahtaa, ja se on tilastollisesti yksi kolmesta t\u00e4rkeimm\u00e4st\u00e4 kuolinsyyst\u00e4 taistelukent\u00e4ll\u00e4. Chestseal on suunniteltu toimimaan tiivistyslaastarina t\u00e4llaisen vamman p\u00e4\u00e4ll\u00e4 ja est\u00e4m\u00e4\u00e4n ilman p\u00e4\u00e4sy rintaonteloon. Yleiss\u00e4\u00e4nt\u00f6n\u00e4 on, ett\u00e4 jos rintalastan yl\u00e4p\u00e4\u00e4n [&hellip;]","og_url":"https:\/\/marras.ee\/fi\/product\/celox-foxseal-2kpl\/","og_site_name":"Marras","article_modified_time":"2024-12-19T11:06:49+00:00","og_image":[{"width":1024,"height":1024,"url":"https:\/\/marras.ee\/wp-content\/uploads\/2024\/11\/111111-1024x1024.png","type":"image\/png"}],"twitter_card":"summary_large_image","twitter_misc":{"Arvioitu lukuaika":"1 minuutti"},"schema":{"@context":"https:\/\/schema.org","@graph":[{"@type":"WebPage","@id":"https:\/\/marras.ee\/fi\/product\/celox-foxseal-2kpl\/","url":"https:\/\/marras.ee\/fi\/product\/celox-foxseal-2kpl\/","name":"Celox Foxseal (2kpl) - Marras","isPartOf":{"@id":"https:\/\/marras.ee\/fi\/#website"},"primaryImageOfPage":{"@id":"https:\/\/marras.ee\/fi\/product\/celox-foxseal-2kpl\/#primaryimage"},"image":{"@id":"https:\/\/marras.ee\/fi\/product\/celox-foxseal-2kpl\/#primaryimage"},"thumbnailUrl":"https:\/\/marras.ee\/wp-content\/uploads\/2024\/11\/111111.png","datePublished":"2024-11-08T13:11:52+00:00","dateModified":"2024-12-19T11:06:49+00:00","breadcrumb":{"@id":"https:\/\/marras.ee\/fi\/product\/celox-foxseal-2kpl\/#breadcrumb"},"inLanguage":"fi","potentialAction":[{"@type":"ReadAction","target":["https:\/\/marras.ee\/fi\/product\/celox-foxseal-2kpl\/"]}]},{"@type":"ImageObject","inLanguage":"fi","@id":"https:\/\/marras.ee\/fi\/product\/celox-foxseal-2kpl\/#primaryimage","url":"https:\/\/marras.ee\/wp-content\/uploads\/2024\/11\/111111.png","contentUrl":"https:\/\/marras.ee\/wp-content\/uploads\/2024\/11\/111111.png","width":1080,"height":1080},{"@type":"BreadcrumbList","@id":"https:\/\/marras.ee\/fi\/product\/celox-foxseal-2kpl\/#breadcrumb","itemListElement":[{"@type":"ListItem","position":1,"name":"Home","item":"https:\/\/marras.ee\/fi\/kotisivu\/"},{"@type":"ListItem","position":2,"name":"Tuotteet","item":"https:\/\/marras.ee\/fi\/shop\/"},{"@type":"ListItem","position":3,"name":"Celox Foxseal (2kpl)"}]},{"@type":"WebSite","@id":"https:\/\/marras.ee\/fi\/#website","url":"https:\/\/marras.ee\/fi\/","name":"Marras","description":"","potentialAction":[{"@type":"SearchAction","target":{"@type":"EntryPoint","urlTemplate":"https:\/\/marras.ee\/fi\/?s={search_term_string}"},"query-input":{"@type":"PropertyValueSpecification","valueRequired":true,"valueName":"search_term_string"}}],"inLanguage":"fi"}]}},"_links":{"self":[{"href":"https:\/\/marras.ee\/fi\/wp-json\/wp\/v2\/product\/768","targetHints":{"allow":["GET"]}}],"collection":[{"href":"https:\/\/marras.ee\/fi\/wp-json\/wp\/v2\/product"}],"about":[{"href":"https:\/\/marras.ee\/fi\/wp-json\/wp\/v2\/types\/product"}],"replies":[{"embeddable":true,"href":"https:\/\/marras.ee\/fi\/wp-json\/wp\/v2\/comments?post=768"}],"wp:featuredmedia":[{"embeddable":true,"href":"https:\/\/marras.ee\/fi\/wp-json\/wp\/v2\/media\/624"}],"wp:attachment":[{"href":"https:\/\/marras.ee\/fi\/wp-json\/wp\/v2\/media?parent=768"}],"wp:term":[{"taxonomy":"product_brand","embeddable":true,"href":"https:\/\/marras.ee\/fi\/wp-json\/wp\/v2\/product_brand?post=768"},{"taxonomy":"product_cat","embeddable":true,"href":"https:\/\/marras.ee\/fi\/wp-json\/wp\/v2\/product_cat?post=768"},{"taxonomy":"product_tag","embeddable":true,"href":"https:\/\/marras.ee\/fi\/wp-json\/wp\/v2\/product_tag?post=768"}],"curies":[{"name":"wp","href":"https:\/\/api.w.org\/{rel}","templated":true}]}}