{"id":769,"date":"2024-11-08T14:58:51","date_gmt":"2024-11-08T12:58:51","guid":{"rendered":"https:\/\/marras.ee\/product\/6%e2%80%b3-painepuolella\/"},"modified":"2026-03-11T21:12:18","modified_gmt":"2026-03-11T19:12:18","slug":"6%e2%80%b3-painepuolella","status":"publish","type":"product","link":"https:\/\/marras.ee\/fi\/product\/6%e2%80%b3-painepuolella\/","title":{"rendered":"6\u2033 painepuolella"},"content":{"rendered":"<p>Maailman tunnetuin ja k\u00e4ytetyin painekattila! K\u00e4ytet\u00e4\u00e4n sek\u00e4 armeijassa ett\u00e4 retkeilyss\u00e4. Olennainen osa mit\u00e4 tahansa ensiapupakkausta.<\/p>\n<p>Israelilaisia kiristyssiteit\u00e4 k\u00e4ytet\u00e4\u00e4n verenvuodon hallintaan ja poistamiseen. Sidoksessa on haavapyyhkeen yl\u00e4puolella muovinen painesovitin, jolla voidaan painaa suoraan haavaa verenvuodon est\u00e4miseksi.<\/p>\n","protected":false},"excerpt":{"rendered":"<p>Maailman tunnetuin ja k\u00e4ytetyin painekattila! K\u00e4ytet\u00e4\u00e4n sek\u00e4 armeijassa ett\u00e4 retkeilyss\u00e4. Olennainen osa mit\u00e4 tahansa ensiapupakkausta. Israelilaisia kiristyssiteit\u00e4 k\u00e4ytet\u00e4\u00e4n verenvuodon hallintaan ja poistamiseen. Sidoksessa on haavapyyhkeen yl\u00e4puolella muovinen painesovitin, jolla voidaan painaa suoraan haavaa verenvuodon est\u00e4miseksi.<\/p>\n","protected":false},"featured_media":616,"comment_status":"closed","ping_status":"closed","template":"","meta":{"_acf_changed":false},"product_brand":[],"product_cat":[40],"product_tag":[],"class_list":{"0":"post-769","1":"product","2":"type-product","3":"status-publish","4":"has-post-thumbnail","6":"product_cat-laakinnalliset-laitteet","8":"first","9":"instock","10":"taxable","11":"shipping-taxable","12":"purchasable","13":"product-type-simple"},"acf":[],"yoast_head":"<!-- This site is optimized with the Yoast SEO plugin v27.3 - https:\/\/yoast.com\/product\/yoast-seo-wordpress\/ -->\n<title>6\u2033 painepuolella - Marras<\/title>\n<meta name=\"robots\" content=\"index, follow, max-snippet:-1, max-image-preview:large, max-video-preview:-1\" \/>\n<link rel=\"canonical\" href=\"https:\/\/marras.ee\/fi\/product\/6%e2%80%b3-painepuolella\/\" \/>\n<meta property=\"og:locale\" content=\"fi_FI\" \/>\n<meta property=\"og:type\" content=\"article\" \/>\n<meta property=\"og:title\" content=\"6\u2033 painepuolella - Marras\" \/>\n<meta property=\"og:description\" content=\"Maailman tunnetuin ja k\u00e4ytetyin painekattila! K\u00e4ytet\u00e4\u00e4n sek\u00e4 armeijassa ett\u00e4 retkeilyss\u00e4. Olennainen osa mit\u00e4 tahansa ensiapupakkausta. Israelilaisia kiristyssiteit\u00e4 k\u00e4ytet\u00e4\u00e4n verenvuodon hallintaan ja poistamiseen. Sidoksessa on haavapyyhkeen yl\u00e4puolella muovinen painesovitin, jolla voidaan painaa suoraan haavaa verenvuodon est\u00e4miseksi.\" \/>\n<meta property=\"og:url\" content=\"https:\/\/marras.ee\/fi\/product\/6%e2%80%b3-painepuolella\/\" \/>\n<meta property=\"og:site_name\" content=\"Marras\" \/>\n<meta property=\"article:modified_time\" content=\"2026-03-11T19:12:18+00:00\" \/>\n<meta property=\"og:image\" content=\"https:\/\/marras.ee\/wp-content\/uploads\/2024\/11\/5-4.png\" \/>\n\t<meta property=\"og:image:width\" content=\"1080\" \/>\n\t<meta property=\"og:image:height\" content=\"1080\" \/>\n\t<meta property=\"og:image:type\" content=\"image\/png\" \/>\n<meta name=\"twitter:card\" content=\"summary_large_image\" \/>\n<script type=\"application\/ld+json\" class=\"yoast-schema-graph\">{\"@context\":\"https:\\\/\\\/schema.org\",\"@graph\":[{\"@type\":\"WebPage\",\"@id\":\"https:\\\/\\\/marras.ee\\\/fi\\\/product\\\/6%e2%80%b3-painepuolella\\\/\",\"url\":\"https:\\\/\\\/marras.ee\\\/fi\\\/product\\\/6%e2%80%b3-painepuolella\\\/\",\"name\":\"6\u2033 painepuolella - Marras\",\"isPartOf\":{\"@id\":\"https:\\\/\\\/marras.ee\\\/fi\\\/#website\"},\"primaryImageOfPage\":{\"@id\":\"https:\\\/\\\/marras.ee\\\/fi\\\/product\\\/6%e2%80%b3-painepuolella\\\/#primaryimage\"},\"image\":{\"@id\":\"https:\\\/\\\/marras.ee\\\/fi\\\/product\\\/6%e2%80%b3-painepuolella\\\/#primaryimage\"},\"thumbnailUrl\":\"https:\\\/\\\/marras.ee\\\/wp-content\\\/uploads\\\/2024\\\/11\\\/5-4.png\",\"datePublished\":\"2024-11-08T12:58:51+00:00\",\"dateModified\":\"2026-03-11T19:12:18+00:00\",\"breadcrumb\":{\"@id\":\"https:\\\/\\\/marras.ee\\\/fi\\\/product\\\/6%e2%80%b3-painepuolella\\\/#breadcrumb\"},\"inLanguage\":\"fi\",\"potentialAction\":[{\"@type\":\"ReadAction\",\"target\":[\"https:\\\/\\\/marras.ee\\\/fi\\\/product\\\/6%e2%80%b3-painepuolella\\\/\"]}]},{\"@type\":\"ImageObject\",\"inLanguage\":\"fi\",\"@id\":\"https:\\\/\\\/marras.ee\\\/fi\\\/product\\\/6%e2%80%b3-painepuolella\\\/#primaryimage\",\"url\":\"https:\\\/\\\/marras.ee\\\/wp-content\\\/uploads\\\/2024\\\/11\\\/5-4.png\",\"contentUrl\":\"https:\\\/\\\/marras.ee\\\/wp-content\\\/uploads\\\/2024\\\/11\\\/5-4.png\",\"width\":1080,\"height\":1080},{\"@type\":\"BreadcrumbList\",\"@id\":\"https:\\\/\\\/marras.ee\\\/fi\\\/product\\\/6%e2%80%b3-painepuolella\\\/#breadcrumb\",\"itemListElement\":[{\"@type\":\"ListItem\",\"position\":1,\"name\":\"Home\",\"item\":\"https:\\\/\\\/marras.ee\\\/fi\\\/kotisivu\\\/\"},{\"@type\":\"ListItem\",\"position\":2,\"name\":\"Tuotteet\",\"item\":\"https:\\\/\\\/marras.ee\\\/fi\\\/shop\\\/\"},{\"@type\":\"ListItem\",\"position\":3,\"name\":\"6\u2033 painepuolella\"}]},{\"@type\":\"WebSite\",\"@id\":\"https:\\\/\\\/marras.ee\\\/fi\\\/#website\",\"url\":\"https:\\\/\\\/marras.ee\\\/fi\\\/\",\"name\":\"Marras\",\"description\":\"\",\"potentialAction\":[{\"@type\":\"SearchAction\",\"target\":{\"@type\":\"EntryPoint\",\"urlTemplate\":\"https:\\\/\\\/marras.ee\\\/fi\\\/?s={search_term_string}\"},\"query-input\":{\"@type\":\"PropertyValueSpecification\",\"valueRequired\":true,\"valueName\":\"search_term_string\"}}],\"inLanguage\":\"fi\"}]}<\/script>\n<!-- \/ Yoast SEO plugin. -->","yoast_head_json":{"title":"6\u2033 painepuolella - Marras","robots":{"index":"index","follow":"follow","max-snippet":"max-snippet:-1","max-image-preview":"max-image-preview:large","max-video-preview":"max-video-preview:-1"},"canonical":"https:\/\/marras.ee\/fi\/product\/6%e2%80%b3-painepuolella\/","og_locale":"fi_FI","og_type":"article","og_title":"6\u2033 painepuolella - Marras","og_description":"Maailman tunnetuin ja k\u00e4ytetyin painekattila! K\u00e4ytet\u00e4\u00e4n sek\u00e4 armeijassa ett\u00e4 retkeilyss\u00e4. Olennainen osa mit\u00e4 tahansa ensiapupakkausta. Israelilaisia kiristyssiteit\u00e4 k\u00e4ytet\u00e4\u00e4n verenvuodon hallintaan ja poistamiseen. Sidoksessa on haavapyyhkeen yl\u00e4puolella muovinen painesovitin, jolla voidaan painaa suoraan haavaa verenvuodon est\u00e4miseksi.","og_url":"https:\/\/marras.ee\/fi\/product\/6%e2%80%b3-painepuolella\/","og_site_name":"Marras","article_modified_time":"2026-03-11T19:12:18+00:00","og_image":[{"width":1080,"height":1080,"url":"https:\/\/marras.ee\/wp-content\/uploads\/2024\/11\/5-4.png","type":"image\/png"}],"twitter_card":"summary_large_image","schema":{"@context":"https:\/\/schema.org","@graph":[{"@type":"WebPage","@id":"https:\/\/marras.ee\/fi\/product\/6%e2%80%b3-painepuolella\/","url":"https:\/\/marras.ee\/fi\/product\/6%e2%80%b3-painepuolella\/","name":"6\u2033 painepuolella - Marras","isPartOf":{"@id":"https:\/\/marras.ee\/fi\/#website"},"primaryImageOfPage":{"@id":"https:\/\/marras.ee\/fi\/product\/6%e2%80%b3-painepuolella\/#primaryimage"},"image":{"@id":"https:\/\/marras.ee\/fi\/product\/6%e2%80%b3-painepuolella\/#primaryimage"},"thumbnailUrl":"https:\/\/marras.ee\/wp-content\/uploads\/2024\/11\/5-4.png","datePublished":"2024-11-08T12:58:51+00:00","dateModified":"2026-03-11T19:12:18+00:00","breadcrumb":{"@id":"https:\/\/marras.ee\/fi\/product\/6%e2%80%b3-painepuolella\/#breadcrumb"},"inLanguage":"fi","potentialAction":[{"@type":"ReadAction","target":["https:\/\/marras.ee\/fi\/product\/6%e2%80%b3-painepuolella\/"]}]},{"@type":"ImageObject","inLanguage":"fi","@id":"https:\/\/marras.ee\/fi\/product\/6%e2%80%b3-painepuolella\/#primaryimage","url":"https:\/\/marras.ee\/wp-content\/uploads\/2024\/11\/5-4.png","contentUrl":"https:\/\/marras.ee\/wp-content\/uploads\/2024\/11\/5-4.png","width":1080,"height":1080},{"@type":"BreadcrumbList","@id":"https:\/\/marras.ee\/fi\/product\/6%e2%80%b3-painepuolella\/#breadcrumb","itemListElement":[{"@type":"ListItem","position":1,"name":"Home","item":"https:\/\/marras.ee\/fi\/kotisivu\/"},{"@type":"ListItem","position":2,"name":"Tuotteet","item":"https:\/\/marras.ee\/fi\/shop\/"},{"@type":"ListItem","position":3,"name":"6\u2033 painepuolella"}]},{"@type":"WebSite","@id":"https:\/\/marras.ee\/fi\/#website","url":"https:\/\/marras.ee\/fi\/","name":"Marras","description":"","potentialAction":[{"@type":"SearchAction","target":{"@type":"EntryPoint","urlTemplate":"https:\/\/marras.ee\/fi\/?s={search_term_string}"},"query-input":{"@type":"PropertyValueSpecification","valueRequired":true,"valueName":"search_term_string"}}],"inLanguage":"fi"}]}},"_links":{"self":[{"href":"https:\/\/marras.ee\/fi\/wp-json\/wp\/v2\/product\/769","targetHints":{"allow":["GET"]}}],"collection":[{"href":"https:\/\/marras.ee\/fi\/wp-json\/wp\/v2\/product"}],"about":[{"href":"https:\/\/marras.ee\/fi\/wp-json\/wp\/v2\/types\/product"}],"replies":[{"embeddable":true,"href":"https:\/\/marras.ee\/fi\/wp-json\/wp\/v2\/comments?post=769"}],"wp:featuredmedia":[{"embeddable":true,"href":"https:\/\/marras.ee\/fi\/wp-json\/wp\/v2\/media\/616"}],"wp:attachment":[{"href":"https:\/\/marras.ee\/fi\/wp-json\/wp\/v2\/media?parent=769"}],"wp:term":[{"taxonomy":"product_brand","embeddable":true,"href":"https:\/\/marras.ee\/fi\/wp-json\/wp\/v2\/product_brand?post=769"},{"taxonomy":"product_cat","embeddable":true,"href":"https:\/\/marras.ee\/fi\/wp-json\/wp\/v2\/product_cat?post=769"},{"taxonomy":"product_tag","embeddable":true,"href":"https:\/\/marras.ee\/fi\/wp-json\/wp\/v2\/product_tag?post=769"}],"curies":[{"name":"wp","href":"https:\/\/api.w.org\/{rel}","templated":true}]}}