{"id":771,"date":"2024-11-08T14:36:45","date_gmt":"2024-11-08T12:36:45","guid":{"rendered":"https:\/\/marras.ee\/product\/kydex-sisalto-pitka\/"},"modified":"2026-03-11T21:11:59","modified_gmt":"2026-03-11T19:11:59","slug":"kydex-sisalto-pitka","status":"publish","type":"product","link":"https:\/\/marras.ee\/fi\/product\/kydex-sisalto-pitka\/","title":{"rendered":"Kydex sis\u00e4lt\u00f6 (pitk\u00e4)"},"content":{"rendered":"<p>Kydex-sis\u00e4lt\u00f6 holsterissa. Kiinnittyy holsteriin tarranauhakiinnityksell\u00e4. Tarranauhakiinnityksen vastaanotin ei sis\u00e4lly.<\/p>\n","protected":false},"excerpt":{"rendered":"<p>Kydex-sis\u00e4lt\u00f6 holsterissa. Kiinnittyy holsteriin tarranauhakiinnityksell\u00e4. Tarranauhakiinnityksen vastaanotin ei sis\u00e4lly.<\/p>\n","protected":false},"featured_media":604,"comment_status":"closed","ping_status":"closed","template":"","meta":{"_acf_changed":false},"product_brand":[],"product_cat":[37],"product_tag":[],"class_list":{"0":"post-771","1":"product","2":"type-product","3":"status-publish","4":"has-post-thumbnail","6":"product_cat-taskut-ja-laukut","8":"first","9":"outofstock","10":"taxable","11":"shipping-taxable","12":"purchasable","13":"product-type-simple"},"acf":[],"yoast_head":"<!-- This site is optimized with the Yoast SEO plugin v27.3 - https:\/\/yoast.com\/product\/yoast-seo-wordpress\/ -->\n<title>Kydex sis\u00e4lt\u00f6 (pitk\u00e4) - Marras<\/title>\n<meta name=\"robots\" content=\"index, follow, max-snippet:-1, max-image-preview:large, max-video-preview:-1\" \/>\n<link rel=\"canonical\" href=\"https:\/\/marras.ee\/fi\/product\/kydex-sisalto-pitka\/\" \/>\n<meta property=\"og:locale\" content=\"fi_FI\" \/>\n<meta property=\"og:type\" content=\"article\" \/>\n<meta property=\"og:title\" content=\"Kydex sis\u00e4lt\u00f6 (pitk\u00e4) - Marras\" \/>\n<meta property=\"og:description\" content=\"Kydex-sis\u00e4lt\u00f6 holsterissa. Kiinnittyy holsteriin tarranauhakiinnityksell\u00e4. Tarranauhakiinnityksen vastaanotin ei sis\u00e4lly.\" \/>\n<meta property=\"og:url\" content=\"https:\/\/marras.ee\/fi\/product\/kydex-sisalto-pitka\/\" \/>\n<meta property=\"og:site_name\" content=\"Marras\" \/>\n<meta property=\"article:modified_time\" content=\"2026-03-11T19:11:59+00:00\" \/>\n<meta property=\"og:image\" content=\"https:\/\/marras.ee\/wp-content\/uploads\/2024\/11\/1-3.png\" \/>\n\t<meta property=\"og:image:width\" content=\"1080\" \/>\n\t<meta property=\"og:image:height\" content=\"1080\" \/>\n\t<meta property=\"og:image:type\" content=\"image\/png\" \/>\n<meta name=\"twitter:card\" content=\"summary_large_image\" \/>\n<script type=\"application\/ld+json\" class=\"yoast-schema-graph\">{\"@context\":\"https:\\\/\\\/schema.org\",\"@graph\":[{\"@type\":\"WebPage\",\"@id\":\"https:\\\/\\\/marras.ee\\\/fi\\\/product\\\/kydex-sisalto-pitka\\\/\",\"url\":\"https:\\\/\\\/marras.ee\\\/fi\\\/product\\\/kydex-sisalto-pitka\\\/\",\"name\":\"Kydex sis\u00e4lt\u00f6 (pitk\u00e4) - Marras\",\"isPartOf\":{\"@id\":\"https:\\\/\\\/marras.ee\\\/fi\\\/#website\"},\"primaryImageOfPage\":{\"@id\":\"https:\\\/\\\/marras.ee\\\/fi\\\/product\\\/kydex-sisalto-pitka\\\/#primaryimage\"},\"image\":{\"@id\":\"https:\\\/\\\/marras.ee\\\/fi\\\/product\\\/kydex-sisalto-pitka\\\/#primaryimage\"},\"thumbnailUrl\":\"https:\\\/\\\/marras.ee\\\/wp-content\\\/uploads\\\/2024\\\/11\\\/1-3.png\",\"datePublished\":\"2024-11-08T12:36:45+00:00\",\"dateModified\":\"2026-03-11T19:11:59+00:00\",\"breadcrumb\":{\"@id\":\"https:\\\/\\\/marras.ee\\\/fi\\\/product\\\/kydex-sisalto-pitka\\\/#breadcrumb\"},\"inLanguage\":\"fi\",\"potentialAction\":[{\"@type\":\"ReadAction\",\"target\":[\"https:\\\/\\\/marras.ee\\\/fi\\\/product\\\/kydex-sisalto-pitka\\\/\"]}]},{\"@type\":\"ImageObject\",\"inLanguage\":\"fi\",\"@id\":\"https:\\\/\\\/marras.ee\\\/fi\\\/product\\\/kydex-sisalto-pitka\\\/#primaryimage\",\"url\":\"https:\\\/\\\/marras.ee\\\/wp-content\\\/uploads\\\/2024\\\/11\\\/1-3.png\",\"contentUrl\":\"https:\\\/\\\/marras.ee\\\/wp-content\\\/uploads\\\/2024\\\/11\\\/1-3.png\",\"width\":1080,\"height\":1080},{\"@type\":\"BreadcrumbList\",\"@id\":\"https:\\\/\\\/marras.ee\\\/fi\\\/product\\\/kydex-sisalto-pitka\\\/#breadcrumb\",\"itemListElement\":[{\"@type\":\"ListItem\",\"position\":1,\"name\":\"Home\",\"item\":\"https:\\\/\\\/marras.ee\\\/fi\\\/kotisivu\\\/\"},{\"@type\":\"ListItem\",\"position\":2,\"name\":\"Tuotteet\",\"item\":\"https:\\\/\\\/marras.ee\\\/fi\\\/shop\\\/\"},{\"@type\":\"ListItem\",\"position\":3,\"name\":\"Kydex sis\u00e4lt\u00f6 (pitk\u00e4)\"}]},{\"@type\":\"WebSite\",\"@id\":\"https:\\\/\\\/marras.ee\\\/fi\\\/#website\",\"url\":\"https:\\\/\\\/marras.ee\\\/fi\\\/\",\"name\":\"Marras\",\"description\":\"\",\"potentialAction\":[{\"@type\":\"SearchAction\",\"target\":{\"@type\":\"EntryPoint\",\"urlTemplate\":\"https:\\\/\\\/marras.ee\\\/fi\\\/?s={search_term_string}\"},\"query-input\":{\"@type\":\"PropertyValueSpecification\",\"valueRequired\":true,\"valueName\":\"search_term_string\"}}],\"inLanguage\":\"fi\"}]}<\/script>\n<!-- \/ Yoast SEO plugin. -->","yoast_head_json":{"title":"Kydex sis\u00e4lt\u00f6 (pitk\u00e4) - Marras","robots":{"index":"index","follow":"follow","max-snippet":"max-snippet:-1","max-image-preview":"max-image-preview:large","max-video-preview":"max-video-preview:-1"},"canonical":"https:\/\/marras.ee\/fi\/product\/kydex-sisalto-pitka\/","og_locale":"fi_FI","og_type":"article","og_title":"Kydex sis\u00e4lt\u00f6 (pitk\u00e4) - Marras","og_description":"Kydex-sis\u00e4lt\u00f6 holsterissa. Kiinnittyy holsteriin tarranauhakiinnityksell\u00e4. Tarranauhakiinnityksen vastaanotin ei sis\u00e4lly.","og_url":"https:\/\/marras.ee\/fi\/product\/kydex-sisalto-pitka\/","og_site_name":"Marras","article_modified_time":"2026-03-11T19:11:59+00:00","og_image":[{"width":1080,"height":1080,"url":"https:\/\/marras.ee\/wp-content\/uploads\/2024\/11\/1-3.png","type":"image\/png"}],"twitter_card":"summary_large_image","schema":{"@context":"https:\/\/schema.org","@graph":[{"@type":"WebPage","@id":"https:\/\/marras.ee\/fi\/product\/kydex-sisalto-pitka\/","url":"https:\/\/marras.ee\/fi\/product\/kydex-sisalto-pitka\/","name":"Kydex sis\u00e4lt\u00f6 (pitk\u00e4) - Marras","isPartOf":{"@id":"https:\/\/marras.ee\/fi\/#website"},"primaryImageOfPage":{"@id":"https:\/\/marras.ee\/fi\/product\/kydex-sisalto-pitka\/#primaryimage"},"image":{"@id":"https:\/\/marras.ee\/fi\/product\/kydex-sisalto-pitka\/#primaryimage"},"thumbnailUrl":"https:\/\/marras.ee\/wp-content\/uploads\/2024\/11\/1-3.png","datePublished":"2024-11-08T12:36:45+00:00","dateModified":"2026-03-11T19:11:59+00:00","breadcrumb":{"@id":"https:\/\/marras.ee\/fi\/product\/kydex-sisalto-pitka\/#breadcrumb"},"inLanguage":"fi","potentialAction":[{"@type":"ReadAction","target":["https:\/\/marras.ee\/fi\/product\/kydex-sisalto-pitka\/"]}]},{"@type":"ImageObject","inLanguage":"fi","@id":"https:\/\/marras.ee\/fi\/product\/kydex-sisalto-pitka\/#primaryimage","url":"https:\/\/marras.ee\/wp-content\/uploads\/2024\/11\/1-3.png","contentUrl":"https:\/\/marras.ee\/wp-content\/uploads\/2024\/11\/1-3.png","width":1080,"height":1080},{"@type":"BreadcrumbList","@id":"https:\/\/marras.ee\/fi\/product\/kydex-sisalto-pitka\/#breadcrumb","itemListElement":[{"@type":"ListItem","position":1,"name":"Home","item":"https:\/\/marras.ee\/fi\/kotisivu\/"},{"@type":"ListItem","position":2,"name":"Tuotteet","item":"https:\/\/marras.ee\/fi\/shop\/"},{"@type":"ListItem","position":3,"name":"Kydex sis\u00e4lt\u00f6 (pitk\u00e4)"}]},{"@type":"WebSite","@id":"https:\/\/marras.ee\/fi\/#website","url":"https:\/\/marras.ee\/fi\/","name":"Marras","description":"","potentialAction":[{"@type":"SearchAction","target":{"@type":"EntryPoint","urlTemplate":"https:\/\/marras.ee\/fi\/?s={search_term_string}"},"query-input":{"@type":"PropertyValueSpecification","valueRequired":true,"valueName":"search_term_string"}}],"inLanguage":"fi"}]}},"_links":{"self":[{"href":"https:\/\/marras.ee\/fi\/wp-json\/wp\/v2\/product\/771","targetHints":{"allow":["GET"]}}],"collection":[{"href":"https:\/\/marras.ee\/fi\/wp-json\/wp\/v2\/product"}],"about":[{"href":"https:\/\/marras.ee\/fi\/wp-json\/wp\/v2\/types\/product"}],"replies":[{"embeddable":true,"href":"https:\/\/marras.ee\/fi\/wp-json\/wp\/v2\/comments?post=771"}],"wp:featuredmedia":[{"embeddable":true,"href":"https:\/\/marras.ee\/fi\/wp-json\/wp\/v2\/media\/604"}],"wp:attachment":[{"href":"https:\/\/marras.ee\/fi\/wp-json\/wp\/v2\/media?parent=771"}],"wp:term":[{"taxonomy":"product_brand","embeddable":true,"href":"https:\/\/marras.ee\/fi\/wp-json\/wp\/v2\/product_brand?post=771"},{"taxonomy":"product_cat","embeddable":true,"href":"https:\/\/marras.ee\/fi\/wp-json\/wp\/v2\/product_cat?post=771"},{"taxonomy":"product_tag","embeddable":true,"href":"https:\/\/marras.ee\/fi\/wp-json\/wp\/v2\/product_tag?post=771"}],"curies":[{"name":"wp","href":"https:\/\/api.w.org\/{rel}","templated":true}]}}